{"id":15648,"date":"2023-07-29T17:59:29","date_gmt":"2023-07-29T17:59:29","guid":{"rendered":"https:\/\/onlinebayrak.com.tr\/?post_type=product&#038;p=15648"},"modified":"2023-07-29T18:03:52","modified_gmt":"2023-07-29T18:03:52","slug":"logolu-gonder-flama-70x105-cift-kat-saten","status":"publish","type":"product","link":"https:\/\/onlinebayrak.com.tr\/index.php\/urun\/logolu-gonder-flama-70x105-cift-kat-saten\/","title":{"rendered":"Logolu G\u00f6nder Flama 70&#215;105 &#8211; \u00c7ift Kat Saten"},"content":{"rendered":"<div class=\"productCaption\">\u00d6zel Firma ve kurulu\u015flar\u0131n tercih etti\u011fi tip bayraklar d\u0131r.D\u0131\u015f Mekanlarda kullan\u0131lmas\u0131yla dayan\u0131kl\u0131l\u0131k ve y\u0131pranman\u0131n \u00f6n planda olmas\u0131ndan dolay\u0131 ra\u015fel ve saten kuma\u015flar kullan\u0131l\u0131r,<\/div>\n<div>\u00d6zel Firma ve kurulu\u015flar\u0131n tercih etti\u011fi tip bayraklar d\u0131r. D\u0131\u015f Mekanlarda kullan\u0131lmas\u0131yla dayan\u0131kl\u0131l\u0131k ve y\u0131pranman\u0131n \u00f6n planda olmas\u0131 itibariyle ra\u015fel ve parlak saten kuma\u015flar kullan\u0131lmaktad\u0131r.<\/div>\n<div><strong>Saten Kuma\u015f \u00e7ift kat \u00e7ift taraf\u00a0bask\u0131l\u0131d\u0131r.<\/strong><\/div>\n<div>\n<p>Bayrak dire\u011fi tercihe g\u00f6re 5 metreden ba\u015flar 100 metre ve \u00fcst\u00fcne kadar \u00e7\u0131kar. Talep edece\u011finiz bayrak dire\u011fi \u00f6ncelikle tercihe ba\u011fl\u0131 olarak, bina boyu alan geni\u015fli\u011fi,\u00e7evre y\u00fcksekli\u011fi g\u00f6z \u00f6n\u00fcnde bulundurulan de\u011ferlerdir. A\u015fa\u011f\u0131daki \u015femada bayrak dire\u011finin bir insana g\u00f6re konumunu belirler. Bu \u015femadan fayda-lanarak sizde talep edece\u011finiz bayrak dire\u011fi boyunu belirleyebilirsiniz.<br \/>\nG\u00f6nder Bayrak Kullan\u0131m Alanlar\u0131:<\/p>\n<p>Firmalar, \u00d6zel Sekt\u00f6rler, Belediyeler, Resmi Daire ve Kurulu\u015flar, Sendikalar, Okullar, Dernekler, Partiler,Emniyet M\u00fcd\u00fcrl\u00fckleri,Holdingler, Sa\u011fl\u0131k Ocaklar\u0131, Gemiler, Sandallar, Benzinlikler,<\/p>\n<p>G\u00f6nder Bayrak Kuma\u015f Cinsi;:<\/p>\n<p>\u00c7ift Ve Tek Tarafl\u0131 Yap\u0131lmakta Olup\u00a0 Kullan\u0131lan Kuma\u015f Cinsi Ra\u015fel,Alpaka,Saten,Olarak \u0130mal Edilmektedir.<\/p>\n<div class=\"Bg2\">\n<div class=\"container\">\n<div class=\"row\">\n<div class=\"col-md-12\"><\/div>\n<\/div>\n<\/div>\n<\/div>\n<\/div>\n","protected":false},"excerpt":{"rendered":"<p>\u00d6zel Firma ve kurulu\u015flar\u0131n tercih etti\u011fi tip bayraklar d\u0131r.D\u0131\u015f Mekanlarda kullan\u0131lmas\u0131yla dayan\u0131kl\u0131l\u0131k ve y\u0131pranman\u0131n \u00f6n planda olmas\u0131ndan dolay\u0131 ra\u015fel ve<\/p>\n","protected":false},"featured_media":15603,"comment_status":"open","ping_status":"closed","template":"","meta":[],"product_cat":[73],"product_tag":[100,103,98,99,88,91,90,87,89,83,84,85,94,86,93,92,101,96,97,95,102],"class_list":{"0":"post-15648","1":"product","2":"type-product","3":"status-publish","4":"has-post-thumbnail","6":"product_cat-saten-gonder-bayrak","7":"product_tag-bayrak-olculeri","8":"product_tag-cift-kat-saten-bayrak","9":"product_tag-direk-bayragi","10":"product_tag-direk-bayragi-olcusu","11":"product_tag-direk-bayrak","12":"product_tag-direk-bayrak-ebatlari","13":"product_tag-direk-bayrak-fiyatlari","14":"product_tag-direk-bayrak-olculeri","15":"product_tag-direk-bayraklari","16":"product_tag-gonder-bayragi","17":"product_tag-gonder-bayragi-fiyatlari","18":"product_tag-gonder-bayragi-olculeri","19":"product_tag-gonder-bayraklari","20":"product_tag-gonder-turk-bayragi","21":"product_tag-logolu-bayrak-fiyatlari","22":"product_tag-logolu-gonder-bayrak","23":"product_tag-okul-bayragi-olculeri-yonetmeligi","24":"product_tag-ozel-logolu-dikey-bayrak","25":"product_tag-ozel-logolu-gonder-bayrak","26":"product_tag-ozel-logolu-yatay-bayrak","27":"product_tag-saten-gonder-bayrak","29":"first","30":"instock","31":"shipping-taxable","32":"product-type-external"},"yoast_head":"<!-- This site is optimized with the Yoast SEO plugin v22.2 - https:\/\/yoast.com\/wordpress\/plugins\/seo\/ -->\n<title>Logolu G\u00f6nder Flama 70x105 - \u00c7ift Kat Saten - || Flama - Bayrak \u0130malat\u0131 - Bayrak, Bayrak\u00e7\u0131, Bayrak Sat\u0131\u015f\u0131 &amp; Display \u00dcr\u00fcnler<\/title>\n<meta name=\"description\" content=\"Logo Bask\u0131l\u0131 Saten G\u00f6nder bayraklar. D\u0131\u015far\u0131da kullan\u0131lmas\u0131yla dayan\u0131kl\u0131l\u0131k ve y\u0131pranman\u0131n olmas\u0131ndan dolay\u0131 ra\u015fel ve saten kuma\u015flar kullan\u0131l\u0131r.\" \/>\n<meta name=\"robots\" content=\"index, follow, max-snippet:-1, max-image-preview:large, max-video-preview:-1\" \/>\n<link rel=\"canonical\" href=\"https:\/\/onlinebayrak.com.tr\/index.php\/urun\/logolu-gonder-flama-70x105-cift-kat-saten\/\" \/>\n<meta property=\"og:locale\" content=\"tr_TR\" \/>\n<meta property=\"og:type\" content=\"article\" \/>\n<meta property=\"og:title\" content=\"Logolu G\u00f6nder Flama 70x105 - \u00c7ift Kat Saten - || Flama - Bayrak \u0130malat\u0131 - Bayrak, Bayrak\u00e7\u0131, Bayrak Sat\u0131\u015f\u0131 &amp; Display \u00dcr\u00fcnler\" \/>\n<meta property=\"og:description\" content=\"Logo Bask\u0131l\u0131 Saten G\u00f6nder bayraklar. D\u0131\u015far\u0131da kullan\u0131lmas\u0131yla dayan\u0131kl\u0131l\u0131k ve y\u0131pranman\u0131n olmas\u0131ndan dolay\u0131 ra\u015fel ve saten kuma\u015flar kullan\u0131l\u0131r.\" \/>\n<meta property=\"og:url\" content=\"https:\/\/onlinebayrak.com.tr\/index.php\/urun\/logolu-gonder-flama-70x105-cift-kat-saten\/\" \/>\n<meta property=\"og:site_name\" content=\"|| Flama - Bayrak \u0130malat\u0131 - Bayrak, Bayrak\u00e7\u0131, Bayrak Sat\u0131\u015f\u0131 &amp; Display \u00dcr\u00fcnler\" \/>\n<meta property=\"article:modified_time\" content=\"2023-07-29T18:03:52+00:00\" \/>\n<meta property=\"og:image\" content=\"https:\/\/onlinebayrak.com.tr\/wp-content\/uploads\/2023\/07\/gonder-direk-bayragi-saten-rasel.jpg\" \/>\n\t<meta property=\"og:image:width\" content=\"648\" \/>\n\t<meta property=\"og:image:height\" content=\"648\" \/>\n\t<meta property=\"og:image:type\" content=\"image\/jpeg\" \/>\n<meta name=\"twitter:card\" content=\"summary_large_image\" \/>\n<meta name=\"twitter:label1\" content=\"Tahmini okuma s\u00fcresi\" \/>\n\t<meta name=\"twitter:data1\" content=\"1 dakika\" \/>\n<script type=\"application\/ld+json\" class=\"yoast-schema-graph\">{\"@context\":\"https:\/\/schema.org\",\"@graph\":[{\"@type\":\"WebPage\",\"@id\":\"https:\/\/onlinebayrak.com.tr\/index.php\/urun\/logolu-gonder-flama-70x105-cift-kat-saten\/\",\"url\":\"https:\/\/onlinebayrak.com.tr\/index.php\/urun\/logolu-gonder-flama-70x105-cift-kat-saten\/\",\"name\":\"Logolu G\u00f6nder Flama 70x105 - \u00c7ift Kat Saten - || Flama - Bayrak \u0130malat\u0131 - Bayrak, Bayrak\u00e7\u0131, Bayrak Sat\u0131\u015f\u0131 &amp; Display \u00dcr\u00fcnler\",\"isPartOf\":{\"@id\":\"https:\/\/onlinebayrak.com.tr\/#website\"},\"primaryImageOfPage\":{\"@id\":\"https:\/\/onlinebayrak.com.tr\/index.php\/urun\/logolu-gonder-flama-70x105-cift-kat-saten\/#primaryimage\"},\"image\":{\"@id\":\"https:\/\/onlinebayrak.com.tr\/index.php\/urun\/logolu-gonder-flama-70x105-cift-kat-saten\/#primaryimage\"},\"thumbnailUrl\":\"https:\/\/onlinebayrak.com.tr\/wp-content\/uploads\/2023\/07\/gonder-direk-bayragi-saten-rasel.jpg\",\"datePublished\":\"2023-07-29T17:59:29+00:00\",\"dateModified\":\"2023-07-29T18:03:52+00:00\",\"description\":\"Logo Bask\u0131l\u0131 Saten G\u00f6nder bayraklar. D\u0131\u015far\u0131da kullan\u0131lmas\u0131yla dayan\u0131kl\u0131l\u0131k ve y\u0131pranman\u0131n olmas\u0131ndan dolay\u0131 ra\u015fel ve saten kuma\u015flar kullan\u0131l\u0131r.\",\"breadcrumb\":{\"@id\":\"https:\/\/onlinebayrak.com.tr\/index.php\/urun\/logolu-gonder-flama-70x105-cift-kat-saten\/#breadcrumb\"},\"inLanguage\":\"tr\",\"potentialAction\":[{\"@type\":\"ReadAction\",\"target\":[\"https:\/\/onlinebayrak.com.tr\/index.php\/urun\/logolu-gonder-flama-70x105-cift-kat-saten\/\"]}]},{\"@type\":\"ImageObject\",\"inLanguage\":\"tr\",\"@id\":\"https:\/\/onlinebayrak.com.tr\/index.php\/urun\/logolu-gonder-flama-70x105-cift-kat-saten\/#primaryimage\",\"url\":\"https:\/\/onlinebayrak.com.tr\/wp-content\/uploads\/2023\/07\/gonder-direk-bayragi-saten-rasel.jpg\",\"contentUrl\":\"https:\/\/onlinebayrak.com.tr\/wp-content\/uploads\/2023\/07\/gonder-direk-bayragi-saten-rasel.jpg\",\"width\":648,\"height\":648},{\"@type\":\"BreadcrumbList\",\"@id\":\"https:\/\/onlinebayrak.com.tr\/index.php\/urun\/logolu-gonder-flama-70x105-cift-kat-saten\/#breadcrumb\",\"itemListElement\":[{\"@type\":\"ListItem\",\"position\":1,\"name\":\"Anasayfa\",\"item\":\"https:\/\/onlinebayrak.com.tr\/\"},{\"@type\":\"ListItem\",\"position\":2,\"name\":\"Shop\",\"item\":\"https:\/\/onlinebayrak.com.tr\/index.php\/shop\/\"},{\"@type\":\"ListItem\",\"position\":3,\"name\":\"Logolu G\u00f6nder Flama 70&#215;105 &#8211; \u00c7ift Kat Saten\"}]},{\"@type\":\"WebSite\",\"@id\":\"https:\/\/onlinebayrak.com.tr\/#website\",\"url\":\"https:\/\/onlinebayrak.com.tr\/\",\"name\":\"|| Flama - Bayrak \u0130malat\u0131 - Bayrak, Bayrak\u00e7\u0131, Bayrak Sat\u0131\u015f\u0131 &amp; Display \u00dcr\u00fcnler\",\"description\":\"\",\"potentialAction\":[{\"@type\":\"SearchAction\",\"target\":{\"@type\":\"EntryPoint\",\"urlTemplate\":\"https:\/\/onlinebayrak.com.tr\/?s={search_term_string}\"},\"query-input\":\"required name=search_term_string\"}],\"inLanguage\":\"tr\"}]}<\/script>\n<!-- \/ Yoast SEO plugin. -->","yoast_head_json":{"title":"Logolu G\u00f6nder Flama 70x105 - \u00c7ift Kat Saten - || Flama - Bayrak \u0130malat\u0131 - Bayrak, Bayrak\u00e7\u0131, Bayrak Sat\u0131\u015f\u0131 &amp; Display \u00dcr\u00fcnler","description":"Logo Bask\u0131l\u0131 Saten G\u00f6nder bayraklar. D\u0131\u015far\u0131da kullan\u0131lmas\u0131yla dayan\u0131kl\u0131l\u0131k ve y\u0131pranman\u0131n olmas\u0131ndan dolay\u0131 ra\u015fel ve saten kuma\u015flar kullan\u0131l\u0131r.","robots":{"index":"index","follow":"follow","max-snippet":"max-snippet:-1","max-image-preview":"max-image-preview:large","max-video-preview":"max-video-preview:-1"},"canonical":"https:\/\/onlinebayrak.com.tr\/index.php\/urun\/logolu-gonder-flama-70x105-cift-kat-saten\/","og_locale":"tr_TR","og_type":"article","og_title":"Logolu G\u00f6nder Flama 70x105 - \u00c7ift Kat Saten - || Flama - Bayrak \u0130malat\u0131 - Bayrak, Bayrak\u00e7\u0131, Bayrak Sat\u0131\u015f\u0131 &amp; Display \u00dcr\u00fcnler","og_description":"Logo Bask\u0131l\u0131 Saten G\u00f6nder bayraklar. D\u0131\u015far\u0131da kullan\u0131lmas\u0131yla dayan\u0131kl\u0131l\u0131k ve y\u0131pranman\u0131n olmas\u0131ndan dolay\u0131 ra\u015fel ve saten kuma\u015flar kullan\u0131l\u0131r.","og_url":"https:\/\/onlinebayrak.com.tr\/index.php\/urun\/logolu-gonder-flama-70x105-cift-kat-saten\/","og_site_name":"|| Flama - Bayrak \u0130malat\u0131 - Bayrak, Bayrak\u00e7\u0131, Bayrak Sat\u0131\u015f\u0131 &amp; Display \u00dcr\u00fcnler","article_modified_time":"2023-07-29T18:03:52+00:00","og_image":[{"width":648,"height":648,"url":"https:\/\/onlinebayrak.com.tr\/wp-content\/uploads\/2023\/07\/gonder-direk-bayragi-saten-rasel.jpg","type":"image\/jpeg"}],"twitter_card":"summary_large_image","twitter_misc":{"Tahmini okuma s\u00fcresi":"1 dakika"},"schema":{"@context":"https:\/\/schema.org","@graph":[{"@type":"WebPage","@id":"https:\/\/onlinebayrak.com.tr\/index.php\/urun\/logolu-gonder-flama-70x105-cift-kat-saten\/","url":"https:\/\/onlinebayrak.com.tr\/index.php\/urun\/logolu-gonder-flama-70x105-cift-kat-saten\/","name":"Logolu G\u00f6nder Flama 70x105 - \u00c7ift Kat Saten - || Flama - Bayrak \u0130malat\u0131 - Bayrak, Bayrak\u00e7\u0131, Bayrak Sat\u0131\u015f\u0131 &amp; Display \u00dcr\u00fcnler","isPartOf":{"@id":"https:\/\/onlinebayrak.com.tr\/#website"},"primaryImageOfPage":{"@id":"https:\/\/onlinebayrak.com.tr\/index.php\/urun\/logolu-gonder-flama-70x105-cift-kat-saten\/#primaryimage"},"image":{"@id":"https:\/\/onlinebayrak.com.tr\/index.php\/urun\/logolu-gonder-flama-70x105-cift-kat-saten\/#primaryimage"},"thumbnailUrl":"https:\/\/onlinebayrak.com.tr\/wp-content\/uploads\/2023\/07\/gonder-direk-bayragi-saten-rasel.jpg","datePublished":"2023-07-29T17:59:29+00:00","dateModified":"2023-07-29T18:03:52+00:00","description":"Logo Bask\u0131l\u0131 Saten G\u00f6nder bayraklar. D\u0131\u015far\u0131da kullan\u0131lmas\u0131yla dayan\u0131kl\u0131l\u0131k ve y\u0131pranman\u0131n olmas\u0131ndan dolay\u0131 ra\u015fel ve saten kuma\u015flar kullan\u0131l\u0131r.","breadcrumb":{"@id":"https:\/\/onlinebayrak.com.tr\/index.php\/urun\/logolu-gonder-flama-70x105-cift-kat-saten\/#breadcrumb"},"inLanguage":"tr","potentialAction":[{"@type":"ReadAction","target":["https:\/\/onlinebayrak.com.tr\/index.php\/urun\/logolu-gonder-flama-70x105-cift-kat-saten\/"]}]},{"@type":"ImageObject","inLanguage":"tr","@id":"https:\/\/onlinebayrak.com.tr\/index.php\/urun\/logolu-gonder-flama-70x105-cift-kat-saten\/#primaryimage","url":"https:\/\/onlinebayrak.com.tr\/wp-content\/uploads\/2023\/07\/gonder-direk-bayragi-saten-rasel.jpg","contentUrl":"https:\/\/onlinebayrak.com.tr\/wp-content\/uploads\/2023\/07\/gonder-direk-bayragi-saten-rasel.jpg","width":648,"height":648},{"@type":"BreadcrumbList","@id":"https:\/\/onlinebayrak.com.tr\/index.php\/urun\/logolu-gonder-flama-70x105-cift-kat-saten\/#breadcrumb","itemListElement":[{"@type":"ListItem","position":1,"name":"Anasayfa","item":"https:\/\/onlinebayrak.com.tr\/"},{"@type":"ListItem","position":2,"name":"Shop","item":"https:\/\/onlinebayrak.com.tr\/index.php\/shop\/"},{"@type":"ListItem","position":3,"name":"Logolu G\u00f6nder Flama 70&#215;105 &#8211; \u00c7ift Kat Saten"}]},{"@type":"WebSite","@id":"https:\/\/onlinebayrak.com.tr\/#website","url":"https:\/\/onlinebayrak.com.tr\/","name":"|| Flama - Bayrak \u0130malat\u0131 - Bayrak, Bayrak\u00e7\u0131, Bayrak Sat\u0131\u015f\u0131 &amp; Display \u00dcr\u00fcnler","description":"","potentialAction":[{"@type":"SearchAction","target":{"@type":"EntryPoint","urlTemplate":"https:\/\/onlinebayrak.com.tr\/?s={search_term_string}"},"query-input":"required name=search_term_string"}],"inLanguage":"tr"}]}},"jetpack_sharing_enabled":true,"_links":{"self":[{"href":"https:\/\/onlinebayrak.com.tr\/index.php\/wp-json\/wp\/v2\/product\/15648","targetHints":{"allow":["GET"]}}],"collection":[{"href":"https:\/\/onlinebayrak.com.tr\/index.php\/wp-json\/wp\/v2\/product"}],"about":[{"href":"https:\/\/onlinebayrak.com.tr\/index.php\/wp-json\/wp\/v2\/types\/product"}],"replies":[{"embeddable":true,"href":"https:\/\/onlinebayrak.com.tr\/index.php\/wp-json\/wp\/v2\/comments?post=15648"}],"version-history":[{"count":2,"href":"https:\/\/onlinebayrak.com.tr\/index.php\/wp-json\/wp\/v2\/product\/15648\/revisions"}],"predecessor-version":[{"id":15650,"href":"https:\/\/onlinebayrak.com.tr\/index.php\/wp-json\/wp\/v2\/product\/15648\/revisions\/15650"}],"wp:featuredmedia":[{"embeddable":true,"href":"https:\/\/onlinebayrak.com.tr\/index.php\/wp-json\/wp\/v2\/media\/15603"}],"wp:attachment":[{"href":"https:\/\/onlinebayrak.com.tr\/index.php\/wp-json\/wp\/v2\/media?parent=15648"}],"wp:term":[{"taxonomy":"product_cat","embeddable":true,"href":"https:\/\/onlinebayrak.com.tr\/index.php\/wp-json\/wp\/v2\/product_cat?post=15648"},{"taxonomy":"product_tag","embeddable":true,"href":"https:\/\/onlinebayrak.com.tr\/index.php\/wp-json\/wp\/v2\/product_tag?post=15648"}],"curies":[{"name":"wp","href":"https:\/\/api.w.org\/{rel}","templated":true}]}}