{"id":15669,"date":"2023-08-01T08:17:36","date_gmt":"2023-08-01T08:17:36","guid":{"rendered":"https:\/\/onlinebayrak.com.tr\/?post_type=product&#038;p=15669"},"modified":"2023-08-01T08:17:37","modified_gmt":"2023-08-01T08:17:37","slug":"rasel-ozel-logolu-gonder-bayragi-80x120-cm","status":"publish","type":"product","link":"https:\/\/onlinebayrak.com.tr\/index.php\/urun\/rasel-ozel-logolu-gonder-bayragi-80x120-cm\/","title":{"rendered":"Ra\u015fel \u00d6zel Logolu G\u00f6nder Bayra\u011f\u0131 &#8211; 80&#215;120 cm"},"content":{"rendered":"<h4 style=\"box-sizing: border-box; margin-top: 0px; margin-bottom: 0.5rem;\">G\u00f6nder Bayraklar\u0131n\u0131n iki ucuna dikilen plastik kancalar sayesinde direklere kolayl\u0131kla uygulan\u0131r. G\u00f6nder Bayraklar\u0131n\u0131n dayan\u0131kl\u0131l\u0131\u011f\u0131 artt\u0131rmak i\u00e7in bayraklar\u0131n \u00e7evresi \u00e7ift i\u011fne ile dikilir.<\/h4>\n<table style=\"width: 100%;\" align=\"center\">\n<tbody style=\"box-sizing: border-box;\">\n<tr style=\"box-sizing: border-box;\">\n<td style=\"box-sizing: border-box;\">Yatay\u00a0G\u00f6nder Bayraklar\u0131<\/td>\n<td style=\"box-sizing: border-box;\">Dikey\u00a0G\u00f6nder Bayraklar\u0131<\/td>\n<\/tr>\n<tr style=\"box-sizing: border-box;\">\n<td style=\"box-sizing: border-box;\">EN | BOY<\/td>\n<td style=\"box-sizing: border-box;\">EN | BOY<\/td>\n<\/tr>\n<tr style=\"box-sizing: border-box;\">\n<td style=\"box-sizing: border-box;\">70 x 105<br style=\"box-sizing: border-box;\" \/>80 x 120<br style=\"box-sizing: border-box;\" \/>100 x 150<br style=\"box-sizing: border-box;\" \/>120 x 180<br style=\"box-sizing: border-box;\" \/>150 x 225<br style=\"box-sizing: border-box;\" \/>200 x 300<\/td>\n<td style=\"box-sizing: border-box;\">75 x 225<br style=\"box-sizing: border-box;\" \/>75 x 300<br style=\"box-sizing: border-box;\" \/>100 x 300<br style=\"box-sizing: border-box;\" \/>100 x 400<br style=\"box-sizing: border-box;\" \/>150 x 455<\/td>\n<\/tr>\n<\/tbody>\n<\/table>\n<p style=\"box-sizing: border-box; margin-top: 0px; margin-bottom: 1rem; color: #212529;\">Yukar\u0131da verilmi\u015f olan G\u00f6nder Bayraklar\u0131 \u00f6l\u00e7\u00fcleri d\u0131\u015f\u0131nda da istedi\u011finiz ebatlardaki bayraklar\u0131m\u0131z imal edilir.<\/p>\n<hr style=\"box-sizing: content-box; height: 0px; overflow: visible; margin-top: 1rem; margin-bottom: 1rem; border-right: 0px; border-bottom: 0px; border-left: 0px; border-image: initial; border-top-style: solid; border-top-color: rgba(0, 0, 0, 0.1); color: #212529;\" \/>\n<h3 style=\"box-sizing: border-box; margin-top: 0px; margin-bottom: 0.5rem;\">Bayrak Dire\u011fi Boyutuna G\u00f6re Belirledi\u011fimiz Bayrak \u00d6l\u00e7\u00fcleri;<\/h3>\n<table style=\"border-collapse: collapse;\" border=\"0\" width=\"100%\" cellspacing=\"3\" cellpadding=\"0\">\n<tbody style=\"box-sizing: border-box;\">\n<tr style=\"box-sizing: border-box;\">\n<td style=\"box-sizing: border-box;\" width=\"154\">Direk Boyu<\/td>\n<td style=\"box-sizing: border-box;\" width=\"154\">Bayrak Ebat\u0131<\/td>\n<td style=\"box-sizing: border-box;\" width=\"154\">Kuma\u015f Se\u00e7ene\u011fi<\/td>\n<td style=\"box-sizing: border-box;\" width=\"154\">Bayrak T\u00fcr\u00fc<\/td>\n<td style=\"box-sizing: border-box;\" width=\"154\">Min. Sipari\u015f Miktar\u0131<\/td>\n<\/tr>\n<tr style=\"box-sizing: border-box;\">\n<td style=\"box-sizing: border-box;\" width=\"154\">4-5 Metre Aras\u0131<\/td>\n<td style=\"box-sizing: border-box;\" width=\"154\">70\u00d7105 Cm<\/td>\n<td style=\"box-sizing: border-box;\" width=\"154\">Ra\u015fel, Alpaka, Saten<\/td>\n<td style=\"box-sizing: border-box;\" width=\"154\">G\u00f6nder Bayrak<\/td>\n<td style=\"box-sizing: border-box;\" width=\"154\">4 Adet<\/td>\n<\/tr>\n<tr style=\"box-sizing: border-box;\">\n<td style=\"box-sizing: border-box;\" width=\"154\">5-7 Metre Aras\u0131<\/td>\n<td style=\"box-sizing: border-box;\" width=\"154\">100\u00d7150 Cm<\/td>\n<td style=\"box-sizing: border-box;\" width=\"154\">Ra\u015fel, Alpaka, Saten<\/td>\n<td style=\"box-sizing: border-box;\" width=\"154\">G\u00f6nder Bayrak<\/td>\n<td style=\"box-sizing: border-box;\" width=\"154\">2 Adet<\/td>\n<\/tr>\n<tr style=\"box-sizing: border-box;\">\n<td style=\"box-sizing: border-box;\" width=\"154\">7-10 Metre Aras\u0131<\/td>\n<td style=\"box-sizing: border-box;\" width=\"154\">150\u00d7225 cm<\/td>\n<td style=\"box-sizing: border-box;\" width=\"154\">Ra\u015fel, Alpaka, Saten<\/td>\n<td style=\"box-sizing: border-box;\" width=\"154\">G\u00f6nder Bayrak<\/td>\n<td style=\"box-sizing: border-box;\" width=\"154\">1 Adet<\/td>\n<\/tr>\n<tr style=\"box-sizing: border-box;\">\n<td style=\"box-sizing: border-box;\" width=\"154\">10-12 Metre Aras\u0131<\/td>\n<td style=\"box-sizing: border-box;\" width=\"154\">200\u00d7300 cm<\/td>\n<td style=\"box-sizing: border-box;\" width=\"154\">Ra\u015fel, Alpaka, Saten<\/td>\n<td style=\"box-sizing: border-box;\" width=\"154\">G\u00f6nder Bayrak<\/td>\n<td style=\"box-sizing: border-box;\" width=\"154\">1 Adet<\/td>\n<\/tr>\n<tr style=\"box-sizing: border-box;\">\n<td style=\"box-sizing: border-box;\" width=\"154\">12-15 Metre Aras\u0131<\/td>\n<td style=\"box-sizing: border-box;\" width=\"154\">300\u00d7450 cm<\/td>\n<td style=\"box-sizing: border-box;\" width=\"154\">Ra\u015fel, Alpaka, Saten<\/td>\n<td style=\"box-sizing: border-box;\" width=\"154\">G\u00f6nder Bayrak<\/td>\n<td style=\"box-sizing: border-box;\" width=\"154\">1 Adet<\/td>\n<\/tr>\n<tr style=\"box-sizing: border-box;\">\n<td style=\"box-sizing: border-box;\" width=\"154\">15-17 Metre Aras\u0131<\/td>\n<td style=\"box-sizing: border-box;\" width=\"154\">400\u00d7600 cm<\/td>\n<td style=\"box-sizing: border-box;\" width=\"154\">Ra\u015fel, Alpaka, Saten<\/td>\n<td style=\"box-sizing: border-box;\" width=\"154\">G\u00f6nder Bayrak<\/td>\n<td style=\"box-sizing: border-box;\" width=\"154\">1 Adet<\/td>\n<\/tr>\n<tr style=\"box-sizing: border-box;\">\n<td style=\"box-sizing: border-box;\" width=\"154\">17-20 Metre Aras\u0131<\/td>\n<td style=\"box-sizing: border-box;\" width=\"154\">500\u00d7750 cm<\/td>\n<td style=\"box-sizing: border-box;\" width=\"154\">Ra\u015fel, Alpaka, Saten<\/td>\n<td style=\"box-sizing: border-box;\" width=\"154\">G\u00f6nder Bayrak<\/td>\n<td style=\"box-sizing: border-box;\" width=\"154\">1 Adet<\/td>\n<\/tr>\n<tr style=\"box-sizing: border-box;\">\n<td style=\"box-sizing: border-box;\" colspan=\"1\">20-25 Metre Aras\u0131<\/td>\n<td style=\"box-sizing: border-box;\" colspan=\"1\">600\u00d7900 cm<\/td>\n<td style=\"box-sizing: border-box;\" colspan=\"1\">Ra\u015fel, Alpaka, Saten<\/td>\n<td style=\"box-sizing: border-box;\" colspan=\"1\">G\u00f6nder Bayrak<\/td>\n<td style=\"box-sizing: border-box;\" colspan=\"1\">1 Adet<\/td>\n<\/tr>\n<tr style=\"box-sizing: border-box;\">\n<td style=\"box-sizing: border-box;\" colspan=\"1\">25-30 Metre Aras\u0131<\/td>\n<td style=\"box-sizing: border-box;\" colspan=\"1\">800\u00d71200 cm<\/td>\n<td style=\"box-sizing: border-box;\" colspan=\"1\">Ra\u015fel, Alpaka, Saten<\/td>\n<td style=\"box-sizing: border-box;\" colspan=\"1\">G\u00f6nder Bayrak<\/td>\n<td style=\"box-sizing: border-box;\" colspan=\"1\">1 Adet<\/td>\n<\/tr>\n<tr style=\"box-sizing: border-box;\">\n<td style=\"box-sizing: border-box;\" colspan=\"1\"><\/td>\n<td style=\"box-sizing: border-box;\" colspan=\"1\"><\/td>\n<td style=\"box-sizing: border-box;\" colspan=\"1\"><\/td>\n<td style=\"box-sizing: border-box;\" colspan=\"1\"><\/td>\n<td style=\"box-sizing: border-box;\" colspan=\"1\"><\/td>\n<\/tr>\n<tr style=\"box-sizing: border-box;\">\n<td style=\"box-sizing: border-box;\" colspan=\"1\"><\/td>\n<td style=\"box-sizing: border-box;\" colspan=\"1\"><\/td>\n<td style=\"box-sizing: border-box;\" colspan=\"1\"><\/td>\n<td style=\"box-sizing: border-box;\" colspan=\"1\"><\/td>\n<td style=\"box-sizing: border-box;\" colspan=\"1\"><\/td>\n<\/tr>\n<\/tbody>\n<\/table>\n<p style=\"box-sizing: border-box; margin-top: 0px; margin-bottom: 1rem; color: #212529;\">Bayrak dire\u011fi tercihe g\u00f6re 5 metreden ba\u015flar 100 metre ve \u00fcst\u00fcne kadar \u00e7\u0131kar. Talep edece\u011finiz bayrak dire\u011fi \u00f6ncelikle tercihe ba\u011fl\u0131 olarak, bina boyu alan geni\u015fli\u011fi,\u00e7evre y\u00fcksekli\u011fi g\u00f6z \u00f6n\u00fcnde bulundurulan de\u011ferlerdir. A\u015fa\u011f\u0131daki \u015femada bayrak dire\u011finin bir insana g\u00f6re konumunu belirler. Bu \u015femadan fayda-lanarak sizde talep edece\u011finiz bayrak dire\u011fi boyunu belirleyebilirsiniz.<br style=\"box-sizing: border-box;\" \/>G\u00f6nder Bayrak Kullan\u0131m Alanlar\u0131:<\/p>\n<p style=\"box-sizing: border-box; margin-top: 0px; margin-bottom: 1rem; color: #212529;\">Firmalar, \u00d6zel Sekt\u00f6rler, Belediyeler, Resmi Daire ve Kurulu\u015flar, Sendikalar, Okullar, Dernekler, Partiler,Emniyet M\u00fcd\u00fcrl\u00fckleri,Holdingler, Sa\u011fl\u0131k Ocaklar\u0131, Gemiler, Sandallar, Benzinlikler,<\/p>\n<p style=\"box-sizing: border-box; margin-top: 0px; margin-bottom: 1rem; color: #212529;\">G\u00f6nder Bayrak Kuma\u015f Cinsi;:<\/p>\n<p style=\"box-sizing: border-box; margin-top: 0px; margin-bottom: 1rem; color: #212529;\">\u00c7ift Ve Tek Tarafl\u0131 Yap\u0131lmakta Olup\u00a0 Kullan\u0131lan Kuma\u015f Cinsi Ra\u015fel,Alpaka,Saten,Olarak \u0130mal Edilmektedir.<\/p>\n<p>T\u00fcm Bayrak \u00c7e\u015fitlerimiz \u0130\u00e7in Onlineybayrak.com.tr Ziyaret Etmeyi Unutmay\u0131n.<\/p>\n<div class=\"Bg2\">\n<div class=\"container\">\n<div class=\"row\">\n<div class=\"col-md-12\"><\/div>\n<\/div>\n<\/div>\n<\/div>\n","protected":false},"excerpt":{"rendered":"<p>G\u00f6nder Bayraklar\u0131n\u0131n iki ucuna dikilen plastik kancalar sayesinde direklere kolayl\u0131kla uygulan\u0131r. G\u00f6nder Bayraklar\u0131n\u0131n dayan\u0131kl\u0131l\u0131\u011f\u0131 artt\u0131rmak i\u00e7in bayraklar\u0131n \u00e7evresi \u00e7ift i\u011fne<\/p>\n","protected":false},"featured_media":15670,"comment_status":"open","ping_status":"closed","template":"","meta":[],"product_cat":[72],"product_tag":[100,98,99,88,91,90,87,89,105,83,84,85,94,86,108,93,92,101,96,97,95,107,106],"class_list":{"0":"post-15669","1":"product","2":"type-product","3":"status-publish","4":"has-post-thumbnail","6":"product_cat-rasel-gonder-bayrak","7":"product_tag-bayrak-olculeri","8":"product_tag-direk-bayragi","9":"product_tag-direk-bayragi-olcusu","10":"product_tag-direk-bayrak","11":"product_tag-direk-bayrak-ebatlari","12":"product_tag-direk-bayrak-fiyatlari","13":"product_tag-direk-bayrak-olculeri","14":"product_tag-direk-bayraklari","15":"product_tag-flag-production-center","16":"product_tag-gonder-bayragi","17":"product_tag-gonder-bayragi-fiyatlari","18":"product_tag-gonder-bayragi-olculeri","19":"product_tag-gonder-bayraklari","20":"product_tag-gonder-turk-bayragi","21":"product_tag-logolu-bayrak","22":"product_tag-logolu-bayrak-fiyatlari","23":"product_tag-logolu-gonder-bayrak","24":"product_tag-okul-bayragi-olculeri-yonetmeligi","25":"product_tag-ozel-logolu-dikey-bayrak","26":"product_tag-ozel-logolu-gonder-bayrak","27":"product_tag-ozel-logolu-yatay-bayrak","28":"product_tag-rasel-bayrak","29":"product_tag-rasel-gonder-bayrak","31":"first","32":"instock","33":"shipping-taxable","34":"product-type-external"},"yoast_head":"<!-- This site is optimized with the Yoast SEO plugin v22.2 - https:\/\/yoast.com\/wordpress\/plugins\/seo\/ -->\n<title>Ra\u015fel \u00d6zel Logolu G\u00f6nder Bayra\u011f\u0131 - 80x120 cm - || Flama - Bayrak \u0130malat\u0131 - Bayrak, Bayrak\u00e7\u0131, Bayrak Sat\u0131\u015f\u0131 &amp; Display \u00dcr\u00fcnler<\/title>\n<meta name=\"robots\" content=\"index, follow, max-snippet:-1, max-image-preview:large, max-video-preview:-1\" \/>\n<link rel=\"canonical\" href=\"https:\/\/onlinebayrak.com.tr\/index.php\/urun\/rasel-ozel-logolu-gonder-bayragi-80x120-cm\/\" \/>\n<meta property=\"og:locale\" content=\"tr_TR\" \/>\n<meta property=\"og:type\" content=\"article\" \/>\n<meta property=\"og:title\" content=\"Ra\u015fel \u00d6zel Logolu G\u00f6nder Bayra\u011f\u0131 - 80x120 cm - || Flama - Bayrak \u0130malat\u0131 - Bayrak, Bayrak\u00e7\u0131, Bayrak Sat\u0131\u015f\u0131 &amp; Display \u00dcr\u00fcnler\" \/>\n<meta property=\"og:description\" content=\"G\u00f6nder Bayraklar\u0131n\u0131n iki ucuna dikilen plastik kancalar sayesinde direklere kolayl\u0131kla uygulan\u0131r. G\u00f6nder Bayraklar\u0131n\u0131n dayan\u0131kl\u0131l\u0131\u011f\u0131 artt\u0131rmak i\u00e7in bayraklar\u0131n \u00e7evresi \u00e7ift i\u011fne\" \/>\n<meta property=\"og:url\" content=\"https:\/\/onlinebayrak.com.tr\/index.php\/urun\/rasel-ozel-logolu-gonder-bayragi-80x120-cm\/\" \/>\n<meta property=\"og:site_name\" content=\"|| Flama - Bayrak \u0130malat\u0131 - Bayrak, Bayrak\u00e7\u0131, Bayrak Sat\u0131\u015f\u0131 &amp; Display \u00dcr\u00fcnler\" \/>\n<meta property=\"article:modified_time\" content=\"2023-08-01T08:17:37+00:00\" \/>\n<meta property=\"og:image\" content=\"https:\/\/onlinebayrak.com.tr\/wp-content\/uploads\/2023\/08\/ozel-logolu-rasel-gonder-bayrak-80x120-1.png\" \/>\n\t<meta property=\"og:image:width\" content=\"450\" \/>\n\t<meta property=\"og:image:height\" content=\"563\" \/>\n\t<meta property=\"og:image:type\" content=\"image\/png\" \/>\n<meta name=\"twitter:card\" content=\"summary_large_image\" \/>\n<meta name=\"twitter:label1\" content=\"Tahmini okuma s\u00fcresi\" \/>\n\t<meta name=\"twitter:data1\" content=\"2 dakika\" \/>\n<script type=\"application\/ld+json\" class=\"yoast-schema-graph\">{\"@context\":\"https:\/\/schema.org\",\"@graph\":[{\"@type\":\"WebPage\",\"@id\":\"https:\/\/onlinebayrak.com.tr\/index.php\/urun\/rasel-ozel-logolu-gonder-bayragi-80x120-cm\/\",\"url\":\"https:\/\/onlinebayrak.com.tr\/index.php\/urun\/rasel-ozel-logolu-gonder-bayragi-80x120-cm\/\",\"name\":\"Ra\u015fel \u00d6zel Logolu G\u00f6nder Bayra\u011f\u0131 - 80x120 cm - || Flama - Bayrak \u0130malat\u0131 - Bayrak, Bayrak\u00e7\u0131, Bayrak Sat\u0131\u015f\u0131 &amp; Display \u00dcr\u00fcnler\",\"isPartOf\":{\"@id\":\"https:\/\/onlinebayrak.com.tr\/#website\"},\"primaryImageOfPage\":{\"@id\":\"https:\/\/onlinebayrak.com.tr\/index.php\/urun\/rasel-ozel-logolu-gonder-bayragi-80x120-cm\/#primaryimage\"},\"image\":{\"@id\":\"https:\/\/onlinebayrak.com.tr\/index.php\/urun\/rasel-ozel-logolu-gonder-bayragi-80x120-cm\/#primaryimage\"},\"thumbnailUrl\":\"https:\/\/onlinebayrak.com.tr\/wp-content\/uploads\/2023\/08\/ozel-logolu-rasel-gonder-bayrak-80x120-1.png\",\"datePublished\":\"2023-08-01T08:17:36+00:00\",\"dateModified\":\"2023-08-01T08:17:37+00:00\",\"breadcrumb\":{\"@id\":\"https:\/\/onlinebayrak.com.tr\/index.php\/urun\/rasel-ozel-logolu-gonder-bayragi-80x120-cm\/#breadcrumb\"},\"inLanguage\":\"tr\",\"potentialAction\":[{\"@type\":\"ReadAction\",\"target\":[\"https:\/\/onlinebayrak.com.tr\/index.php\/urun\/rasel-ozel-logolu-gonder-bayragi-80x120-cm\/\"]}]},{\"@type\":\"ImageObject\",\"inLanguage\":\"tr\",\"@id\":\"https:\/\/onlinebayrak.com.tr\/index.php\/urun\/rasel-ozel-logolu-gonder-bayragi-80x120-cm\/#primaryimage\",\"url\":\"https:\/\/onlinebayrak.com.tr\/wp-content\/uploads\/2023\/08\/ozel-logolu-rasel-gonder-bayrak-80x120-1.png\",\"contentUrl\":\"https:\/\/onlinebayrak.com.tr\/wp-content\/uploads\/2023\/08\/ozel-logolu-rasel-gonder-bayrak-80x120-1.png\",\"width\":450,\"height\":563},{\"@type\":\"BreadcrumbList\",\"@id\":\"https:\/\/onlinebayrak.com.tr\/index.php\/urun\/rasel-ozel-logolu-gonder-bayragi-80x120-cm\/#breadcrumb\",\"itemListElement\":[{\"@type\":\"ListItem\",\"position\":1,\"name\":\"Anasayfa\",\"item\":\"https:\/\/onlinebayrak.com.tr\/\"},{\"@type\":\"ListItem\",\"position\":2,\"name\":\"Shop\",\"item\":\"https:\/\/onlinebayrak.com.tr\/index.php\/shop\/\"},{\"@type\":\"ListItem\",\"position\":3,\"name\":\"Ra\u015fel \u00d6zel Logolu G\u00f6nder Bayra\u011f\u0131 &#8211; 80&#215;120 cm\"}]},{\"@type\":\"WebSite\",\"@id\":\"https:\/\/onlinebayrak.com.tr\/#website\",\"url\":\"https:\/\/onlinebayrak.com.tr\/\",\"name\":\"|| Flama - Bayrak \u0130malat\u0131 - Bayrak, Bayrak\u00e7\u0131, Bayrak Sat\u0131\u015f\u0131 &amp; Display \u00dcr\u00fcnler\",\"description\":\"\",\"potentialAction\":[{\"@type\":\"SearchAction\",\"target\":{\"@type\":\"EntryPoint\",\"urlTemplate\":\"https:\/\/onlinebayrak.com.tr\/?s={search_term_string}\"},\"query-input\":\"required name=search_term_string\"}],\"inLanguage\":\"tr\"}]}<\/script>\n<!-- \/ Yoast SEO plugin. -->","yoast_head_json":{"title":"Ra\u015fel \u00d6zel Logolu G\u00f6nder Bayra\u011f\u0131 - 80x120 cm - || Flama - Bayrak \u0130malat\u0131 - Bayrak, Bayrak\u00e7\u0131, Bayrak Sat\u0131\u015f\u0131 &amp; Display \u00dcr\u00fcnler","robots":{"index":"index","follow":"follow","max-snippet":"max-snippet:-1","max-image-preview":"max-image-preview:large","max-video-preview":"max-video-preview:-1"},"canonical":"https:\/\/onlinebayrak.com.tr\/index.php\/urun\/rasel-ozel-logolu-gonder-bayragi-80x120-cm\/","og_locale":"tr_TR","og_type":"article","og_title":"Ra\u015fel \u00d6zel Logolu G\u00f6nder Bayra\u011f\u0131 - 80x120 cm - || Flama - Bayrak \u0130malat\u0131 - Bayrak, Bayrak\u00e7\u0131, Bayrak Sat\u0131\u015f\u0131 &amp; Display \u00dcr\u00fcnler","og_description":"G\u00f6nder Bayraklar\u0131n\u0131n iki ucuna dikilen plastik kancalar sayesinde direklere kolayl\u0131kla uygulan\u0131r. G\u00f6nder Bayraklar\u0131n\u0131n dayan\u0131kl\u0131l\u0131\u011f\u0131 artt\u0131rmak i\u00e7in bayraklar\u0131n \u00e7evresi \u00e7ift i\u011fne","og_url":"https:\/\/onlinebayrak.com.tr\/index.php\/urun\/rasel-ozel-logolu-gonder-bayragi-80x120-cm\/","og_site_name":"|| Flama - Bayrak \u0130malat\u0131 - Bayrak, Bayrak\u00e7\u0131, Bayrak Sat\u0131\u015f\u0131 &amp; Display \u00dcr\u00fcnler","article_modified_time":"2023-08-01T08:17:37+00:00","og_image":[{"width":450,"height":563,"url":"https:\/\/onlinebayrak.com.tr\/wp-content\/uploads\/2023\/08\/ozel-logolu-rasel-gonder-bayrak-80x120-1.png","type":"image\/png"}],"twitter_card":"summary_large_image","twitter_misc":{"Tahmini okuma s\u00fcresi":"2 dakika"},"schema":{"@context":"https:\/\/schema.org","@graph":[{"@type":"WebPage","@id":"https:\/\/onlinebayrak.com.tr\/index.php\/urun\/rasel-ozel-logolu-gonder-bayragi-80x120-cm\/","url":"https:\/\/onlinebayrak.com.tr\/index.php\/urun\/rasel-ozel-logolu-gonder-bayragi-80x120-cm\/","name":"Ra\u015fel \u00d6zel Logolu G\u00f6nder Bayra\u011f\u0131 - 80x120 cm - || Flama - Bayrak \u0130malat\u0131 - Bayrak, Bayrak\u00e7\u0131, Bayrak Sat\u0131\u015f\u0131 &amp; Display \u00dcr\u00fcnler","isPartOf":{"@id":"https:\/\/onlinebayrak.com.tr\/#website"},"primaryImageOfPage":{"@id":"https:\/\/onlinebayrak.com.tr\/index.php\/urun\/rasel-ozel-logolu-gonder-bayragi-80x120-cm\/#primaryimage"},"image":{"@id":"https:\/\/onlinebayrak.com.tr\/index.php\/urun\/rasel-ozel-logolu-gonder-bayragi-80x120-cm\/#primaryimage"},"thumbnailUrl":"https:\/\/onlinebayrak.com.tr\/wp-content\/uploads\/2023\/08\/ozel-logolu-rasel-gonder-bayrak-80x120-1.png","datePublished":"2023-08-01T08:17:36+00:00","dateModified":"2023-08-01T08:17:37+00:00","breadcrumb":{"@id":"https:\/\/onlinebayrak.com.tr\/index.php\/urun\/rasel-ozel-logolu-gonder-bayragi-80x120-cm\/#breadcrumb"},"inLanguage":"tr","potentialAction":[{"@type":"ReadAction","target":["https:\/\/onlinebayrak.com.tr\/index.php\/urun\/rasel-ozel-logolu-gonder-bayragi-80x120-cm\/"]}]},{"@type":"ImageObject","inLanguage":"tr","@id":"https:\/\/onlinebayrak.com.tr\/index.php\/urun\/rasel-ozel-logolu-gonder-bayragi-80x120-cm\/#primaryimage","url":"https:\/\/onlinebayrak.com.tr\/wp-content\/uploads\/2023\/08\/ozel-logolu-rasel-gonder-bayrak-80x120-1.png","contentUrl":"https:\/\/onlinebayrak.com.tr\/wp-content\/uploads\/2023\/08\/ozel-logolu-rasel-gonder-bayrak-80x120-1.png","width":450,"height":563},{"@type":"BreadcrumbList","@id":"https:\/\/onlinebayrak.com.tr\/index.php\/urun\/rasel-ozel-logolu-gonder-bayragi-80x120-cm\/#breadcrumb","itemListElement":[{"@type":"ListItem","position":1,"name":"Anasayfa","item":"https:\/\/onlinebayrak.com.tr\/"},{"@type":"ListItem","position":2,"name":"Shop","item":"https:\/\/onlinebayrak.com.tr\/index.php\/shop\/"},{"@type":"ListItem","position":3,"name":"Ra\u015fel \u00d6zel Logolu G\u00f6nder Bayra\u011f\u0131 &#8211; 80&#215;120 cm"}]},{"@type":"WebSite","@id":"https:\/\/onlinebayrak.com.tr\/#website","url":"https:\/\/onlinebayrak.com.tr\/","name":"|| Flama - Bayrak \u0130malat\u0131 - Bayrak, Bayrak\u00e7\u0131, Bayrak Sat\u0131\u015f\u0131 &amp; Display \u00dcr\u00fcnler","description":"","potentialAction":[{"@type":"SearchAction","target":{"@type":"EntryPoint","urlTemplate":"https:\/\/onlinebayrak.com.tr\/?s={search_term_string}"},"query-input":"required name=search_term_string"}],"inLanguage":"tr"}]}},"jetpack_sharing_enabled":true,"_links":{"self":[{"href":"https:\/\/onlinebayrak.com.tr\/index.php\/wp-json\/wp\/v2\/product\/15669","targetHints":{"allow":["GET"]}}],"collection":[{"href":"https:\/\/onlinebayrak.com.tr\/index.php\/wp-json\/wp\/v2\/product"}],"about":[{"href":"https:\/\/onlinebayrak.com.tr\/index.php\/wp-json\/wp\/v2\/types\/product"}],"replies":[{"embeddable":true,"href":"https:\/\/onlinebayrak.com.tr\/index.php\/wp-json\/wp\/v2\/comments?post=15669"}],"version-history":[{"count":1,"href":"https:\/\/onlinebayrak.com.tr\/index.php\/wp-json\/wp\/v2\/product\/15669\/revisions"}],"predecessor-version":[{"id":15671,"href":"https:\/\/onlinebayrak.com.tr\/index.php\/wp-json\/wp\/v2\/product\/15669\/revisions\/15671"}],"wp:featuredmedia":[{"embeddable":true,"href":"https:\/\/onlinebayrak.com.tr\/index.php\/wp-json\/wp\/v2\/media\/15670"}],"wp:attachment":[{"href":"https:\/\/onlinebayrak.com.tr\/index.php\/wp-json\/wp\/v2\/media?parent=15669"}],"wp:term":[{"taxonomy":"product_cat","embeddable":true,"href":"https:\/\/onlinebayrak.com.tr\/index.php\/wp-json\/wp\/v2\/product_cat?post=15669"},{"taxonomy":"product_tag","embeddable":true,"href":"https:\/\/onlinebayrak.com.tr\/index.php\/wp-json\/wp\/v2\/product_tag?post=15669"}],"curies":[{"name":"wp","href":"https:\/\/api.w.org\/{rel}","templated":true}]}}