{"id":15716,"date":"2023-12-23T09:44:59","date_gmt":"2023-12-23T09:44:59","guid":{"rendered":"https:\/\/onlinebayrak.com.tr\/?post_type=product&#038;p=15716"},"modified":"2023-12-23T12:42:40","modified_gmt":"2023-12-23T12:42:40","slug":"uclu-logolu-masa-bayragi","status":"publish","type":"product","link":"https:\/\/onlinebayrak.com.tr\/index.php\/urun\/uclu-logolu-masa-bayragi\/","title":{"rendered":"\u00dc\u00e7l\u00fc Logolu Masa Bayra\u011f\u0131"},"content":{"rendered":"<h1 class=\"product_title entry-title wd-entities-title\">\u00dc\u00e7l\u00fc Logolu Masa Bayra\u011f\u0131<\/h1>\n<p>&nbsp;<\/p>\n<h4><strong>\u00dc\u00e7l\u00fc Logolu Masa Bayra\u011f\u0131<\/strong><\/h4>\n<p>Estetik ve zarafeti bulu\u015fturan \u00fc\u00e7l\u00fc Masa Bayra\u011f\u0131, \u00f6zel \u00f6l\u00e7\u00fcleri ile dikkat \u00e7ekiyor. Bayrak \u00f6l\u00e7\u00fcs\u00fc 15\u00d722,5 cm, direk uzunlu\u011fu 32 cm ve alt tabla \u00e7ap\u0131 7 cm ile tasarlanm\u0131\u015ft\u0131r. Bu benzersiz masa bayra\u011f\u0131, krom nikelajl\u0131 dire\u011fi ile dayan\u0131kl\u0131l\u0131\u011f\u0131 ve \u015f\u0131kl\u0131\u011f\u0131 bir araya getirir.<\/p>\n<p>&nbsp;<\/p>\n<h4>Genel \u00d6zellikler:<\/h4>\n<ul>\n<li>Bayrak \u00d6l\u00e7\u00fcs\u00fc: 15\u00d722,5 cm<\/li>\n<li>Direk Uzunlu\u011fu: 32 cm<\/li>\n<li>Alt Tabla \u00c7ap\u0131: 7 cm<\/li>\n<li>Direk Malzemesi: Krom nikelajl\u0131<\/li>\n<\/ul>\n<p>Bu masa bayra\u011f\u0131, \u00f6zel bask\u0131 se\u00e7enekleri sunarak kurumsal kimli\u011finizi \u00f6n plana \u00e7\u0131karman\u0131za olanak tan\u0131r. Logonuz, deseniniz veya \u00f6zel yaz\u0131n\u0131zla ki\u015fiselle\u015ftirilebilir. Dosyan\u0131z\u0131 y\u00fckleyerek benzersiz bir masa bayra\u011f\u0131na sahip olabilirsiniz. Bu masa bayra\u011f\u0131, masa\u00fcst\u00fcne getirdi\u011fi \u00f6zg\u00fcn dokunu\u015fla \u00f6ne \u00e7\u0131k\u0131yor. Her detay\u0131 \u00f6zenle d\u00fc\u015f\u00fcn\u00fclm\u00fc\u015f bu masa bayra\u011f\u0131, etkileyici tasar\u0131m\u0131 ve krom nikelajl\u0131 dire\u011fi ile her ortamda dikkat \u00e7ekiyor. \u0130ster i\u015f yerinizde, ister \u00f6zel etkinliklerde kullan\u0131n.<\/p>\n<h4><\/h4>\n<h4><strong>\u00a0Neden \u00dc\u00e7l\u00fc\u00a0 logolu Masa Bayra\u011f\u0131:<\/strong><\/h4>\n<ul>\n<li>Kompakt ve \u015f\u0131k tasar\u0131m<\/li>\n<li>Dayan\u0131kl\u0131 krom nikelajl\u0131 direk<\/li>\n<li>\u00d6zel bask\u0131 se\u00e7enekleri ile ki\u015fiselle\u015ftirilebilir<\/li>\n<li>\u0130\u015f yerinizde veya etkinliklerinizde markan\u0131z\u0131 \u00f6ne \u00e7\u0131kar\u0131n<\/li>\n<\/ul>\n<p>Masa bayra\u011f\u0131n\u0131z\u0131 ki\u015fiselle\u015ftirmek i\u00e7in dosyan\u0131z\u0131 y\u00fckleyin ve \u00f6zel bir dokunu\u015f kat\u0131n.<\/p>\n<p>&nbsp;<\/p>\n<div class=\"Bg2\">\n<div class=\"container\">\n<div class=\"row\">\n<div class=\"col-md-12\"><\/div>\n<\/div>\n<\/div>\n<\/div>\n","protected":false},"excerpt":{"rendered":"<p>\u00dc\u00e7l\u00fc Logolu Masa Bayra\u011f\u0131 &nbsp; \u00dc\u00e7l\u00fc Logolu Masa Bayra\u011f\u0131 Estetik ve zarafeti bulu\u015fturan \u00fc\u00e7l\u00fc Masa Bayra\u011f\u0131, \u00f6zel \u00f6l\u00e7\u00fcleri ile dikkat<\/p>\n","protected":false},"featured_media":15717,"comment_status":"open","ping_status":"closed","template":"","meta":[],"product_cat":[71,76],"product_tag":[115,114,110,120,131,127,119,112,113,140,92,123,118,129,128,130],"class_list":{"0":"post-15716","1":"product","2":"type-product","3":"status-publish","4":"has-post-thumbnail","6":"product_cat-bayrak-cesitleri","7":"product_cat-masa-bayraklari","8":"product_tag-baskili-rasel-bayrak","9":"product_tag-baskili-saten-bayrak","10":"product_tag-bayrak-baski","11":"product_tag-bez-bayrak-baski","12":"product_tag-firma-masa-bayragi","13":"product_tag-firma-saten-bayrak","14":"product_tag-flama-bayrak-imalati-turkiye","15":"product_tag-gaziantep-bayrak-baski","16":"product_tag-istanbul-bayrak-baski","17":"product_tag-kurum-masa-bayragi","18":"product_tag-logolu-gonder-bayrak","19":"product_tag-logolu-masa-bayragi","20":"product_tag-ozel-bayrak-yaptirma","21":"product_tag-saten-baskili-firma-bayragi","22":"product_tag-saten-turk-bayragi","23":"product_tag-ulke-masa-bayragi","25":"first","26":"instock","27":"shipping-taxable","28":"product-type-external"},"yoast_head":"<!-- This site is optimized with the Yoast SEO plugin v22.2 - https:\/\/yoast.com\/wordpress\/plugins\/seo\/ -->\n<title>\u00dc\u00e7l\u00fc Logolu Masa Bayra\u011f\u0131 - || Flama - Bayrak \u0130malat\u0131 - Bayrak, Bayrak\u00e7\u0131, Bayrak Sat\u0131\u015f\u0131 &amp; Display \u00dcr\u00fcnler<\/title>\n<meta name=\"robots\" content=\"index, follow, max-snippet:-1, max-image-preview:large, max-video-preview:-1\" \/>\n<link rel=\"canonical\" href=\"https:\/\/onlinebayrak.com.tr\/index.php\/urun\/uclu-logolu-masa-bayragi\/\" \/>\n<meta property=\"og:locale\" content=\"tr_TR\" \/>\n<meta property=\"og:type\" content=\"article\" \/>\n<meta property=\"og:title\" content=\"\u00dc\u00e7l\u00fc Logolu Masa Bayra\u011f\u0131 - || Flama - Bayrak \u0130malat\u0131 - Bayrak, Bayrak\u00e7\u0131, Bayrak Sat\u0131\u015f\u0131 &amp; Display \u00dcr\u00fcnler\" \/>\n<meta property=\"og:description\" content=\"\u00dc\u00e7l\u00fc Logolu Masa Bayra\u011f\u0131 &nbsp; \u00dc\u00e7l\u00fc Logolu Masa Bayra\u011f\u0131 Estetik ve zarafeti bulu\u015fturan \u00fc\u00e7l\u00fc Masa Bayra\u011f\u0131, \u00f6zel \u00f6l\u00e7\u00fcleri ile dikkat\" \/>\n<meta property=\"og:url\" content=\"https:\/\/onlinebayrak.com.tr\/index.php\/urun\/uclu-logolu-masa-bayragi\/\" \/>\n<meta property=\"og:site_name\" content=\"|| Flama - Bayrak \u0130malat\u0131 - Bayrak, Bayrak\u00e7\u0131, Bayrak Sat\u0131\u015f\u0131 &amp; Display \u00dcr\u00fcnler\" \/>\n<meta property=\"article:modified_time\" content=\"2023-12-23T12:42:40+00:00\" \/>\n<meta property=\"og:image\" content=\"https:\/\/onlinebayrak.com.tr\/wp-content\/uploads\/2023\/12\/uclu-masa-bayragi-seti.jpg\" \/>\n\t<meta property=\"og:image:width\" content=\"412\" \/>\n\t<meta property=\"og:image:height\" content=\"412\" \/>\n\t<meta property=\"og:image:type\" content=\"image\/jpeg\" \/>\n<meta name=\"twitter:card\" content=\"summary_large_image\" \/>\n<meta name=\"twitter:label1\" content=\"Tahmini okuma s\u00fcresi\" \/>\n\t<meta name=\"twitter:data1\" content=\"2 dakika\" \/>\n<script type=\"application\/ld+json\" class=\"yoast-schema-graph\">{\"@context\":\"https:\/\/schema.org\",\"@graph\":[{\"@type\":\"WebPage\",\"@id\":\"https:\/\/onlinebayrak.com.tr\/index.php\/urun\/uclu-logolu-masa-bayragi\/\",\"url\":\"https:\/\/onlinebayrak.com.tr\/index.php\/urun\/uclu-logolu-masa-bayragi\/\",\"name\":\"\u00dc\u00e7l\u00fc Logolu Masa Bayra\u011f\u0131 - || Flama - Bayrak \u0130malat\u0131 - Bayrak, Bayrak\u00e7\u0131, Bayrak Sat\u0131\u015f\u0131 &amp; Display \u00dcr\u00fcnler\",\"isPartOf\":{\"@id\":\"https:\/\/onlinebayrak.com.tr\/#website\"},\"primaryImageOfPage\":{\"@id\":\"https:\/\/onlinebayrak.com.tr\/index.php\/urun\/uclu-logolu-masa-bayragi\/#primaryimage\"},\"image\":{\"@id\":\"https:\/\/onlinebayrak.com.tr\/index.php\/urun\/uclu-logolu-masa-bayragi\/#primaryimage\"},\"thumbnailUrl\":\"https:\/\/onlinebayrak.com.tr\/wp-content\/uploads\/2023\/12\/uclu-masa-bayragi-seti.jpg\",\"datePublished\":\"2023-12-23T09:44:59+00:00\",\"dateModified\":\"2023-12-23T12:42:40+00:00\",\"breadcrumb\":{\"@id\":\"https:\/\/onlinebayrak.com.tr\/index.php\/urun\/uclu-logolu-masa-bayragi\/#breadcrumb\"},\"inLanguage\":\"tr\",\"potentialAction\":[{\"@type\":\"ReadAction\",\"target\":[\"https:\/\/onlinebayrak.com.tr\/index.php\/urun\/uclu-logolu-masa-bayragi\/\"]}]},{\"@type\":\"ImageObject\",\"inLanguage\":\"tr\",\"@id\":\"https:\/\/onlinebayrak.com.tr\/index.php\/urun\/uclu-logolu-masa-bayragi\/#primaryimage\",\"url\":\"https:\/\/onlinebayrak.com.tr\/wp-content\/uploads\/2023\/12\/uclu-masa-bayragi-seti.jpg\",\"contentUrl\":\"https:\/\/onlinebayrak.com.tr\/wp-content\/uploads\/2023\/12\/uclu-masa-bayragi-seti.jpg\",\"width\":412,\"height\":412},{\"@type\":\"BreadcrumbList\",\"@id\":\"https:\/\/onlinebayrak.com.tr\/index.php\/urun\/uclu-logolu-masa-bayragi\/#breadcrumb\",\"itemListElement\":[{\"@type\":\"ListItem\",\"position\":1,\"name\":\"Anasayfa\",\"item\":\"https:\/\/onlinebayrak.com.tr\/\"},{\"@type\":\"ListItem\",\"position\":2,\"name\":\"Shop\",\"item\":\"https:\/\/onlinebayrak.com.tr\/index.php\/shop\/\"},{\"@type\":\"ListItem\",\"position\":3,\"name\":\"\u00dc\u00e7l\u00fc Logolu Masa Bayra\u011f\u0131\"}]},{\"@type\":\"WebSite\",\"@id\":\"https:\/\/onlinebayrak.com.tr\/#website\",\"url\":\"https:\/\/onlinebayrak.com.tr\/\",\"name\":\"|| Flama - Bayrak \u0130malat\u0131 - Bayrak, Bayrak\u00e7\u0131, Bayrak Sat\u0131\u015f\u0131 &amp; Display \u00dcr\u00fcnler\",\"description\":\"\",\"potentialAction\":[{\"@type\":\"SearchAction\",\"target\":{\"@type\":\"EntryPoint\",\"urlTemplate\":\"https:\/\/onlinebayrak.com.tr\/?s={search_term_string}\"},\"query-input\":\"required name=search_term_string\"}],\"inLanguage\":\"tr\"}]}<\/script>\n<!-- \/ Yoast SEO plugin. -->","yoast_head_json":{"title":"\u00dc\u00e7l\u00fc Logolu Masa Bayra\u011f\u0131 - || Flama - Bayrak \u0130malat\u0131 - Bayrak, Bayrak\u00e7\u0131, Bayrak Sat\u0131\u015f\u0131 &amp; Display \u00dcr\u00fcnler","robots":{"index":"index","follow":"follow","max-snippet":"max-snippet:-1","max-image-preview":"max-image-preview:large","max-video-preview":"max-video-preview:-1"},"canonical":"https:\/\/onlinebayrak.com.tr\/index.php\/urun\/uclu-logolu-masa-bayragi\/","og_locale":"tr_TR","og_type":"article","og_title":"\u00dc\u00e7l\u00fc Logolu Masa Bayra\u011f\u0131 - || Flama - Bayrak \u0130malat\u0131 - Bayrak, Bayrak\u00e7\u0131, Bayrak Sat\u0131\u015f\u0131 &amp; Display \u00dcr\u00fcnler","og_description":"\u00dc\u00e7l\u00fc Logolu Masa Bayra\u011f\u0131 &nbsp; \u00dc\u00e7l\u00fc Logolu Masa Bayra\u011f\u0131 Estetik ve zarafeti bulu\u015fturan \u00fc\u00e7l\u00fc Masa Bayra\u011f\u0131, \u00f6zel \u00f6l\u00e7\u00fcleri ile dikkat","og_url":"https:\/\/onlinebayrak.com.tr\/index.php\/urun\/uclu-logolu-masa-bayragi\/","og_site_name":"|| Flama - Bayrak \u0130malat\u0131 - Bayrak, Bayrak\u00e7\u0131, Bayrak Sat\u0131\u015f\u0131 &amp; Display \u00dcr\u00fcnler","article_modified_time":"2023-12-23T12:42:40+00:00","og_image":[{"width":412,"height":412,"url":"https:\/\/onlinebayrak.com.tr\/wp-content\/uploads\/2023\/12\/uclu-masa-bayragi-seti.jpg","type":"image\/jpeg"}],"twitter_card":"summary_large_image","twitter_misc":{"Tahmini okuma s\u00fcresi":"2 dakika"},"schema":{"@context":"https:\/\/schema.org","@graph":[{"@type":"WebPage","@id":"https:\/\/onlinebayrak.com.tr\/index.php\/urun\/uclu-logolu-masa-bayragi\/","url":"https:\/\/onlinebayrak.com.tr\/index.php\/urun\/uclu-logolu-masa-bayragi\/","name":"\u00dc\u00e7l\u00fc Logolu Masa Bayra\u011f\u0131 - || Flama - Bayrak \u0130malat\u0131 - Bayrak, Bayrak\u00e7\u0131, Bayrak Sat\u0131\u015f\u0131 &amp; Display \u00dcr\u00fcnler","isPartOf":{"@id":"https:\/\/onlinebayrak.com.tr\/#website"},"primaryImageOfPage":{"@id":"https:\/\/onlinebayrak.com.tr\/index.php\/urun\/uclu-logolu-masa-bayragi\/#primaryimage"},"image":{"@id":"https:\/\/onlinebayrak.com.tr\/index.php\/urun\/uclu-logolu-masa-bayragi\/#primaryimage"},"thumbnailUrl":"https:\/\/onlinebayrak.com.tr\/wp-content\/uploads\/2023\/12\/uclu-masa-bayragi-seti.jpg","datePublished":"2023-12-23T09:44:59+00:00","dateModified":"2023-12-23T12:42:40+00:00","breadcrumb":{"@id":"https:\/\/onlinebayrak.com.tr\/index.php\/urun\/uclu-logolu-masa-bayragi\/#breadcrumb"},"inLanguage":"tr","potentialAction":[{"@type":"ReadAction","target":["https:\/\/onlinebayrak.com.tr\/index.php\/urun\/uclu-logolu-masa-bayragi\/"]}]},{"@type":"ImageObject","inLanguage":"tr","@id":"https:\/\/onlinebayrak.com.tr\/index.php\/urun\/uclu-logolu-masa-bayragi\/#primaryimage","url":"https:\/\/onlinebayrak.com.tr\/wp-content\/uploads\/2023\/12\/uclu-masa-bayragi-seti.jpg","contentUrl":"https:\/\/onlinebayrak.com.tr\/wp-content\/uploads\/2023\/12\/uclu-masa-bayragi-seti.jpg","width":412,"height":412},{"@type":"BreadcrumbList","@id":"https:\/\/onlinebayrak.com.tr\/index.php\/urun\/uclu-logolu-masa-bayragi\/#breadcrumb","itemListElement":[{"@type":"ListItem","position":1,"name":"Anasayfa","item":"https:\/\/onlinebayrak.com.tr\/"},{"@type":"ListItem","position":2,"name":"Shop","item":"https:\/\/onlinebayrak.com.tr\/index.php\/shop\/"},{"@type":"ListItem","position":3,"name":"\u00dc\u00e7l\u00fc Logolu Masa Bayra\u011f\u0131"}]},{"@type":"WebSite","@id":"https:\/\/onlinebayrak.com.tr\/#website","url":"https:\/\/onlinebayrak.com.tr\/","name":"|| Flama - Bayrak \u0130malat\u0131 - Bayrak, Bayrak\u00e7\u0131, Bayrak Sat\u0131\u015f\u0131 &amp; Display \u00dcr\u00fcnler","description":"","potentialAction":[{"@type":"SearchAction","target":{"@type":"EntryPoint","urlTemplate":"https:\/\/onlinebayrak.com.tr\/?s={search_term_string}"},"query-input":"required name=search_term_string"}],"inLanguage":"tr"}]}},"jetpack_sharing_enabled":true,"_links":{"self":[{"href":"https:\/\/onlinebayrak.com.tr\/index.php\/wp-json\/wp\/v2\/product\/15716","targetHints":{"allow":["GET"]}}],"collection":[{"href":"https:\/\/onlinebayrak.com.tr\/index.php\/wp-json\/wp\/v2\/product"}],"about":[{"href":"https:\/\/onlinebayrak.com.tr\/index.php\/wp-json\/wp\/v2\/types\/product"}],"replies":[{"embeddable":true,"href":"https:\/\/onlinebayrak.com.tr\/index.php\/wp-json\/wp\/v2\/comments?post=15716"}],"version-history":[{"count":1,"href":"https:\/\/onlinebayrak.com.tr\/index.php\/wp-json\/wp\/v2\/product\/15716\/revisions"}],"predecessor-version":[{"id":15718,"href":"https:\/\/onlinebayrak.com.tr\/index.php\/wp-json\/wp\/v2\/product\/15716\/revisions\/15718"}],"wp:featuredmedia":[{"embeddable":true,"href":"https:\/\/onlinebayrak.com.tr\/index.php\/wp-json\/wp\/v2\/media\/15717"}],"wp:attachment":[{"href":"https:\/\/onlinebayrak.com.tr\/index.php\/wp-json\/wp\/v2\/media?parent=15716"}],"wp:term":[{"taxonomy":"product_cat","embeddable":true,"href":"https:\/\/onlinebayrak.com.tr\/index.php\/wp-json\/wp\/v2\/product_cat?post=15716"},{"taxonomy":"product_tag","embeddable":true,"href":"https:\/\/onlinebayrak.com.tr\/index.php\/wp-json\/wp\/v2\/product_tag?post=15716"}],"curies":[{"name":"wp","href":"https:\/\/api.w.org\/{rel}","templated":true}]}}