{"id":15728,"date":"2023-12-23T10:28:47","date_gmt":"2023-12-23T10:28:47","guid":{"rendered":"https:\/\/onlinebayrak.com.tr\/?post_type=product&#038;p=15728"},"modified":"2023-12-23T12:32:48","modified_gmt":"2023-12-23T12:32:48","slug":"kelime-i-tevhid-bayragi","status":"publish","type":"product","link":"https:\/\/onlinebayrak.com.tr\/index.php\/urun\/kelime-i-tevhid-bayragi\/","title":{"rendered":"Kelime-i Tevhid Bayra\u011f\u0131"},"content":{"rendered":"<div class=\"Bg2\">\n<div class=\"container\">\n<div class=\"row\">\n<div class=\"col-md-12\">\n<div class=\"flex-1 overflow-hidden\">\n<div class=\"react-scroll-to-bottom--css-lgeil-79elbk h-full\">\n<div class=\"react-scroll-to-bottom--css-lgeil-1n7m0yu\">\n<div class=\"flex flex-col pb-9 text-sm\">\n<div class=\"w-full text-token-text-primary\" data-testid=\"conversation-turn-9\">\n<div class=\"px-4 py-2 justify-center text-base md:gap-6 m-auto\">\n<div class=\"flex flex-1 text-base mx-auto gap-3 md:px-5 lg:px-1 xl:px-5 md:max-w-3xl lg:max-w-[40rem] xl:max-w-[48rem] group final-completion\">\n<div class=\"relative flex w-full flex-col lg:w-[calc(100%-115px)] agent-turn\">\n<div class=\"flex-col gap-1 md:gap-3\">\n<div class=\"flex flex-grow flex-col max-w-full\">\n<div class=\"min-h-[20px] text-message flex flex-col items-start gap-3 whitespace-pre-wrap break-words [.text-message+&amp;]:mt-5 overflow-x-auto\" data-message-author-role=\"assistant\" data-message-id=\"cf3ac1a8-98b8-4c26-82e3-e44356467efc\">\n<div class=\"markdown prose w-full break-words dark:prose-invert light\">\n<h1 class=\"product_title entry-title wd-entities-title\">Kelime-i Tevhid Bayra\u011f\u0131<\/h1>\n<\/div>\n<\/div>\n<\/div>\n<\/div>\n<\/div>\n<\/div>\n<\/div>\n<\/div>\n<\/div>\n<\/div>\n<\/div>\n<\/div>\n<div class=\"w-full pt-2 md:pt-0 dark:border-white\/20 md:border-transparent md:dark:border-transparent md:w-[calc(100%-.5rem)]\">\n<form class=\"stretch mx-2 flex flex-row gap-3 last:mb-2 md:mx-4 md:last:mb-6 lg:mx-auto lg:max-w-2xl xl:max-w-3xl\">\n<div class=\"relative flex h-full flex-1 items-stretch md:flex-col\">\n<div class=\"flex w-full items-center\">\n<h4>Kelime-i Tevhid Bayra\u011f\u0131 &#8211; Birli\u011fin ve Tevhidin Simgesi<\/h4>\n<p>Ye\u015fil zemin \u00fczerine beyaz renkle i\u015flenmi\u015f &#8220;La \u0130lahe \u0130llallah&#8221; yaz\u0131s\u0131yla donat\u0131lm\u0131\u015f Kelime-i Tevhid Bayra\u011f\u0131, anlam\u0131yla derinle\u015fen ve estetikle birle\u015fen bir simgedir.\u00a0Kelime-i Tevhid Bayra\u011f\u0131, birli\u011fin ve tevhidin en anlaml\u0131 simgesidir. Ye\u015fil zemin \u00fczerinde beyaz renkle i\u015flenmi\u015f &#8220;La \u0130lahe \u0130llallah&#8221; yaz\u0131s\u0131, derin maneviyat\u0131 ve estetik tasar\u0131m\u0131 ile \u00f6n plana \u00e7\u0131kar. %100 polyester ra\u015fel kuma\u015f\u0131, \u00e7ift i\u011fne diki\u015fli kenarlar\u0131 ve ku\u015fg\u00f6z\u00fc u\u00e7kurlu\u011fuyla bu bayrak, kaliteyi ve uzun \u00f6m\u00fcrl\u00fc kullan\u0131m\u0131 bir araya getirir. Sa\u011fl\u0131\u011fa zarar vermeyen su bazl\u0131 dispers bayrak boyalar\u0131 kullan\u0131larak \u00fcretilmi\u015ftir.<\/p>\n<p>&nbsp;<\/p>\n<h4>Genel \u00d6zellikleri:<\/h4>\n<ul>\n<li><strong>Kuma\u015f Cinsi:<\/strong> %100 polyester, 110 gr ra\u015fel kuma\u015f &#8211; Piyasan\u0131n en kaliteli kuma\u015f\u0131.<\/li>\n<li><strong>Kenarlar \u00c7ift \u0130\u011fne Diki\u015fli:<\/strong> Uzun \u00f6m\u00fcrl\u00fc kullan\u0131m sa\u011flar.<\/li>\n<li><strong>U\u00e7kurluk Taraf\u0131ndan Asmak \u0130\u00e7in Ku\u015fg\u00f6z\u00fc:<\/strong> Kolay ve g\u00fcvenli bir asma sistemi.<\/li>\n<li><strong>Boyalar:<\/strong> Sa\u011fl\u0131\u011fa zararl\u0131 olmayan su bazl\u0131 dispers bayrak boyalar\u0131 kullan\u0131lm\u0131\u015ft\u0131r.<\/li>\n<\/ul>\n<p>&nbsp;<\/p>\n<p>Kelime-i Tevhid Bayra\u011f\u0131&#8217;n\u0131 kullanarak \u00f6zel anlar\u0131n\u0131z\u0131 daha anlaml\u0131 k\u0131labilir, manevi bir atmosfer yaratabilirsiniz. Sitemiz \u00fczerinden hemen sipari\u015f verin ve bu \u00f6zel bayra\u011f\u0131 sahip olun.<\/p>\n<\/div>\n<\/div>\n<\/form>\n<\/div>\n<\/div>\n<\/div>\n<\/div>\n<\/div>\n","protected":false},"excerpt":{"rendered":"<p>Kelime-i Tevhid Bayra\u011f\u0131 Kelime-i Tevhid Bayra\u011f\u0131 &#8211; Birli\u011fin ve Tevhidin Simgesi Ye\u015fil zemin \u00fczerine beyaz renkle i\u015flenmi\u015f &#8220;La \u0130lahe \u0130llallah&#8221;<\/p>\n","protected":false},"featured_media":15729,"comment_status":"open","ping_status":"closed","template":"","meta":[],"product_cat":[71,72],"product_tag":[115,114,122,110,120,119,112,109,138,137,113,111,136,92,123,118,139,129,128,134],"class_list":{"0":"post-15728","1":"product","2":"type-product","3":"status-publish","4":"has-post-thumbnail","6":"product_cat-bayrak-cesitleri","7":"product_cat-rasel-gonder-bayrak","8":"product_tag-baskili-rasel-bayrak","9":"product_tag-baskili-saten-bayrak","10":"product_tag-baskili-yelken-bayrak","11":"product_tag-bayrak-baski","12":"product_tag-bez-bayrak-baski","13":"product_tag-flama-bayrak-imalati-turkiye","14":"product_tag-gaziantep-bayrak-baski","15":"product_tag-gaziantep-gonder-bayrak","16":"product_tag-islam-bayragi","17":"product_tag-islam-sancagi","18":"product_tag-istanbul-bayrak-baski","19":"product_tag-istanbul-gonder-bayrak","20":"product_tag-kelime-i-tevhid-bayrak","21":"product_tag-logolu-gonder-bayrak","22":"product_tag-logolu-masa-bayragi","23":"product_tag-ozel-bayrak-yaptirma","24":"product_tag-rasel-sancak-bayragi","25":"product_tag-saten-baskili-firma-bayragi","26":"product_tag-saten-turk-bayragi","27":"product_tag-yatay-turk-bayragi","29":"first","30":"instock","31":"shipping-taxable","32":"product-type-external"},"yoast_head":"<!-- This site is optimized with the Yoast SEO plugin v22.2 - https:\/\/yoast.com\/wordpress\/plugins\/seo\/ -->\n<title>Kelime-i Tevhid Bayra\u011f\u0131 - || Flama - Bayrak \u0130malat\u0131 - Bayrak, Bayrak\u00e7\u0131, Bayrak Sat\u0131\u015f\u0131 &amp; Display \u00dcr\u00fcnler<\/title>\n<meta name=\"robots\" content=\"index, follow, max-snippet:-1, max-image-preview:large, max-video-preview:-1\" \/>\n<link rel=\"canonical\" href=\"https:\/\/onlinebayrak.com.tr\/index.php\/urun\/kelime-i-tevhid-bayragi\/\" \/>\n<meta property=\"og:locale\" content=\"tr_TR\" \/>\n<meta property=\"og:type\" content=\"article\" \/>\n<meta property=\"og:title\" content=\"Kelime-i Tevhid Bayra\u011f\u0131 - || Flama - Bayrak \u0130malat\u0131 - Bayrak, Bayrak\u00e7\u0131, Bayrak Sat\u0131\u015f\u0131 &amp; Display \u00dcr\u00fcnler\" \/>\n<meta property=\"og:description\" content=\"Kelime-i Tevhid Bayra\u011f\u0131 Kelime-i Tevhid Bayra\u011f\u0131 &#8211; Birli\u011fin ve Tevhidin Simgesi Ye\u015fil zemin \u00fczerine beyaz renkle i\u015flenmi\u015f &#8220;La \u0130lahe \u0130llallah&#8221;\" \/>\n<meta property=\"og:url\" content=\"https:\/\/onlinebayrak.com.tr\/index.php\/urun\/kelime-i-tevhid-bayragi\/\" \/>\n<meta property=\"og:site_name\" content=\"|| Flama - Bayrak \u0130malat\u0131 - Bayrak, Bayrak\u00e7\u0131, Bayrak Sat\u0131\u015f\u0131 &amp; Display \u00dcr\u00fcnler\" \/>\n<meta property=\"article:modified_time\" content=\"2023-12-23T12:32:48+00:00\" \/>\n<meta property=\"og:image\" content=\"https:\/\/onlinebayrak.com.tr\/wp-content\/uploads\/2023\/12\/kelime-i-tevhid-bayragi.png\" \/>\n\t<meta property=\"og:image:width\" content=\"600\" \/>\n\t<meta property=\"og:image:height\" content=\"600\" \/>\n\t<meta property=\"og:image:type\" content=\"image\/png\" \/>\n<meta name=\"twitter:card\" content=\"summary_large_image\" \/>\n<meta name=\"twitter:label1\" content=\"Tahmini okuma s\u00fcresi\" \/>\n\t<meta name=\"twitter:data1\" content=\"1 dakika\" \/>\n<script type=\"application\/ld+json\" class=\"yoast-schema-graph\">{\"@context\":\"https:\/\/schema.org\",\"@graph\":[{\"@type\":\"WebPage\",\"@id\":\"https:\/\/onlinebayrak.com.tr\/index.php\/urun\/kelime-i-tevhid-bayragi\/\",\"url\":\"https:\/\/onlinebayrak.com.tr\/index.php\/urun\/kelime-i-tevhid-bayragi\/\",\"name\":\"Kelime-i Tevhid Bayra\u011f\u0131 - || Flama - Bayrak \u0130malat\u0131 - Bayrak, Bayrak\u00e7\u0131, Bayrak Sat\u0131\u015f\u0131 &amp; Display \u00dcr\u00fcnler\",\"isPartOf\":{\"@id\":\"https:\/\/onlinebayrak.com.tr\/#website\"},\"primaryImageOfPage\":{\"@id\":\"https:\/\/onlinebayrak.com.tr\/index.php\/urun\/kelime-i-tevhid-bayragi\/#primaryimage\"},\"image\":{\"@id\":\"https:\/\/onlinebayrak.com.tr\/index.php\/urun\/kelime-i-tevhid-bayragi\/#primaryimage\"},\"thumbnailUrl\":\"https:\/\/onlinebayrak.com.tr\/wp-content\/uploads\/2023\/12\/kelime-i-tevhid-bayragi.png\",\"datePublished\":\"2023-12-23T10:28:47+00:00\",\"dateModified\":\"2023-12-23T12:32:48+00:00\",\"breadcrumb\":{\"@id\":\"https:\/\/onlinebayrak.com.tr\/index.php\/urun\/kelime-i-tevhid-bayragi\/#breadcrumb\"},\"inLanguage\":\"tr\",\"potentialAction\":[{\"@type\":\"ReadAction\",\"target\":[\"https:\/\/onlinebayrak.com.tr\/index.php\/urun\/kelime-i-tevhid-bayragi\/\"]}]},{\"@type\":\"ImageObject\",\"inLanguage\":\"tr\",\"@id\":\"https:\/\/onlinebayrak.com.tr\/index.php\/urun\/kelime-i-tevhid-bayragi\/#primaryimage\",\"url\":\"https:\/\/onlinebayrak.com.tr\/wp-content\/uploads\/2023\/12\/kelime-i-tevhid-bayragi.png\",\"contentUrl\":\"https:\/\/onlinebayrak.com.tr\/wp-content\/uploads\/2023\/12\/kelime-i-tevhid-bayragi.png\",\"width\":600,\"height\":600},{\"@type\":\"BreadcrumbList\",\"@id\":\"https:\/\/onlinebayrak.com.tr\/index.php\/urun\/kelime-i-tevhid-bayragi\/#breadcrumb\",\"itemListElement\":[{\"@type\":\"ListItem\",\"position\":1,\"name\":\"Anasayfa\",\"item\":\"https:\/\/onlinebayrak.com.tr\/\"},{\"@type\":\"ListItem\",\"position\":2,\"name\":\"Shop\",\"item\":\"https:\/\/onlinebayrak.com.tr\/index.php\/shop\/\"},{\"@type\":\"ListItem\",\"position\":3,\"name\":\"Kelime-i Tevhid Bayra\u011f\u0131\"}]},{\"@type\":\"WebSite\",\"@id\":\"https:\/\/onlinebayrak.com.tr\/#website\",\"url\":\"https:\/\/onlinebayrak.com.tr\/\",\"name\":\"|| Flama - Bayrak \u0130malat\u0131 - Bayrak, Bayrak\u00e7\u0131, Bayrak Sat\u0131\u015f\u0131 &amp; Display \u00dcr\u00fcnler\",\"description\":\"\",\"potentialAction\":[{\"@type\":\"SearchAction\",\"target\":{\"@type\":\"EntryPoint\",\"urlTemplate\":\"https:\/\/onlinebayrak.com.tr\/?s={search_term_string}\"},\"query-input\":\"required name=search_term_string\"}],\"inLanguage\":\"tr\"}]}<\/script>\n<!-- \/ Yoast SEO plugin. -->","yoast_head_json":{"title":"Kelime-i Tevhid Bayra\u011f\u0131 - || Flama - Bayrak \u0130malat\u0131 - Bayrak, Bayrak\u00e7\u0131, Bayrak Sat\u0131\u015f\u0131 &amp; Display \u00dcr\u00fcnler","robots":{"index":"index","follow":"follow","max-snippet":"max-snippet:-1","max-image-preview":"max-image-preview:large","max-video-preview":"max-video-preview:-1"},"canonical":"https:\/\/onlinebayrak.com.tr\/index.php\/urun\/kelime-i-tevhid-bayragi\/","og_locale":"tr_TR","og_type":"article","og_title":"Kelime-i Tevhid Bayra\u011f\u0131 - || Flama - Bayrak \u0130malat\u0131 - Bayrak, Bayrak\u00e7\u0131, Bayrak Sat\u0131\u015f\u0131 &amp; Display \u00dcr\u00fcnler","og_description":"Kelime-i Tevhid Bayra\u011f\u0131 Kelime-i Tevhid Bayra\u011f\u0131 &#8211; Birli\u011fin ve Tevhidin Simgesi Ye\u015fil zemin \u00fczerine beyaz renkle i\u015flenmi\u015f &#8220;La \u0130lahe \u0130llallah&#8221;","og_url":"https:\/\/onlinebayrak.com.tr\/index.php\/urun\/kelime-i-tevhid-bayragi\/","og_site_name":"|| Flama - Bayrak \u0130malat\u0131 - Bayrak, Bayrak\u00e7\u0131, Bayrak Sat\u0131\u015f\u0131 &amp; Display \u00dcr\u00fcnler","article_modified_time":"2023-12-23T12:32:48+00:00","og_image":[{"width":600,"height":600,"url":"https:\/\/onlinebayrak.com.tr\/wp-content\/uploads\/2023\/12\/kelime-i-tevhid-bayragi.png","type":"image\/png"}],"twitter_card":"summary_large_image","twitter_misc":{"Tahmini okuma s\u00fcresi":"1 dakika"},"schema":{"@context":"https:\/\/schema.org","@graph":[{"@type":"WebPage","@id":"https:\/\/onlinebayrak.com.tr\/index.php\/urun\/kelime-i-tevhid-bayragi\/","url":"https:\/\/onlinebayrak.com.tr\/index.php\/urun\/kelime-i-tevhid-bayragi\/","name":"Kelime-i Tevhid Bayra\u011f\u0131 - || Flama - Bayrak \u0130malat\u0131 - Bayrak, Bayrak\u00e7\u0131, Bayrak Sat\u0131\u015f\u0131 &amp; Display \u00dcr\u00fcnler","isPartOf":{"@id":"https:\/\/onlinebayrak.com.tr\/#website"},"primaryImageOfPage":{"@id":"https:\/\/onlinebayrak.com.tr\/index.php\/urun\/kelime-i-tevhid-bayragi\/#primaryimage"},"image":{"@id":"https:\/\/onlinebayrak.com.tr\/index.php\/urun\/kelime-i-tevhid-bayragi\/#primaryimage"},"thumbnailUrl":"https:\/\/onlinebayrak.com.tr\/wp-content\/uploads\/2023\/12\/kelime-i-tevhid-bayragi.png","datePublished":"2023-12-23T10:28:47+00:00","dateModified":"2023-12-23T12:32:48+00:00","breadcrumb":{"@id":"https:\/\/onlinebayrak.com.tr\/index.php\/urun\/kelime-i-tevhid-bayragi\/#breadcrumb"},"inLanguage":"tr","potentialAction":[{"@type":"ReadAction","target":["https:\/\/onlinebayrak.com.tr\/index.php\/urun\/kelime-i-tevhid-bayragi\/"]}]},{"@type":"ImageObject","inLanguage":"tr","@id":"https:\/\/onlinebayrak.com.tr\/index.php\/urun\/kelime-i-tevhid-bayragi\/#primaryimage","url":"https:\/\/onlinebayrak.com.tr\/wp-content\/uploads\/2023\/12\/kelime-i-tevhid-bayragi.png","contentUrl":"https:\/\/onlinebayrak.com.tr\/wp-content\/uploads\/2023\/12\/kelime-i-tevhid-bayragi.png","width":600,"height":600},{"@type":"BreadcrumbList","@id":"https:\/\/onlinebayrak.com.tr\/index.php\/urun\/kelime-i-tevhid-bayragi\/#breadcrumb","itemListElement":[{"@type":"ListItem","position":1,"name":"Anasayfa","item":"https:\/\/onlinebayrak.com.tr\/"},{"@type":"ListItem","position":2,"name":"Shop","item":"https:\/\/onlinebayrak.com.tr\/index.php\/shop\/"},{"@type":"ListItem","position":3,"name":"Kelime-i Tevhid Bayra\u011f\u0131"}]},{"@type":"WebSite","@id":"https:\/\/onlinebayrak.com.tr\/#website","url":"https:\/\/onlinebayrak.com.tr\/","name":"|| Flama - Bayrak \u0130malat\u0131 - Bayrak, Bayrak\u00e7\u0131, Bayrak Sat\u0131\u015f\u0131 &amp; Display \u00dcr\u00fcnler","description":"","potentialAction":[{"@type":"SearchAction","target":{"@type":"EntryPoint","urlTemplate":"https:\/\/onlinebayrak.com.tr\/?s={search_term_string}"},"query-input":"required name=search_term_string"}],"inLanguage":"tr"}]}},"jetpack_sharing_enabled":true,"_links":{"self":[{"href":"https:\/\/onlinebayrak.com.tr\/index.php\/wp-json\/wp\/v2\/product\/15728","targetHints":{"allow":["GET"]}}],"collection":[{"href":"https:\/\/onlinebayrak.com.tr\/index.php\/wp-json\/wp\/v2\/product"}],"about":[{"href":"https:\/\/onlinebayrak.com.tr\/index.php\/wp-json\/wp\/v2\/types\/product"}],"replies":[{"embeddable":true,"href":"https:\/\/onlinebayrak.com.tr\/index.php\/wp-json\/wp\/v2\/comments?post=15728"}],"version-history":[{"count":1,"href":"https:\/\/onlinebayrak.com.tr\/index.php\/wp-json\/wp\/v2\/product\/15728\/revisions"}],"predecessor-version":[{"id":15730,"href":"https:\/\/onlinebayrak.com.tr\/index.php\/wp-json\/wp\/v2\/product\/15728\/revisions\/15730"}],"wp:featuredmedia":[{"embeddable":true,"href":"https:\/\/onlinebayrak.com.tr\/index.php\/wp-json\/wp\/v2\/media\/15729"}],"wp:attachment":[{"href":"https:\/\/onlinebayrak.com.tr\/index.php\/wp-json\/wp\/v2\/media?parent=15728"}],"wp:term":[{"taxonomy":"product_cat","embeddable":true,"href":"https:\/\/onlinebayrak.com.tr\/index.php\/wp-json\/wp\/v2\/product_cat?post=15728"},{"taxonomy":"product_tag","embeddable":true,"href":"https:\/\/onlinebayrak.com.tr\/index.php\/wp-json\/wp\/v2\/product_tag?post=15728"}],"curies":[{"name":"wp","href":"https:\/\/api.w.org\/{rel}","templated":true}]}}