{"id":15731,"date":"2023-12-23T10:36:07","date_gmt":"2023-12-23T10:36:07","guid":{"rendered":"https:\/\/onlinebayrak.com.tr\/?post_type=product&#038;p=15731"},"modified":"2023-12-23T12:28:00","modified_gmt":"2023-12-23T12:28:00","slug":"saglik-bakanligi-bayragi","status":"publish","type":"product","link":"https:\/\/onlinebayrak.com.tr\/index.php\/urun\/saglik-bakanligi-bayragi\/","title":{"rendered":"Sa\u011fl\u0131k Bakanl\u0131\u011f\u0131 Bayra\u011f\u0131"},"content":{"rendered":"<h1 class=\"product_title entry-title wd-entities-title\">Sa\u011fl\u0131k Bakanl\u0131\u011f\u0131 Bayra\u011f\u0131<\/h1>\n<h4><\/h4>\n<h4><strong>Sa\u011fl\u0131k Bakanl\u0131\u011f\u0131 Bayra\u011f\u0131 &#8211; Sa\u011fl\u0131\u011f\u0131n ve Hizmetin Sembol\u00fc<\/strong><\/h4>\n<p>Sa\u011fl\u0131k Bakanl\u0131\u011f\u0131&#8217;n\u0131n gururunu ta\u015f\u0131yan bu bayrak, direklerde gururla dalgalanan, dayan\u0131kl\u0131 ve uzun \u00f6m\u00fcrl\u00fc bir sembold\u00fcr.\u00a0Sa\u011fl\u0131k Bakanl\u0131\u011f\u0131 Bayra\u011f\u0131, sa\u011fl\u0131\u011f\u0131n ve hizmetin simgesi olarak gururla dalgalan\u0131r. %100 polyester ra\u015fel kuma\u015f\u0131, \u00e7ift i\u011fneli diki\u015fli kenarlar\u0131 ve her t\u00fcrl\u00fc dire\u011fe uyum sa\u011flayan ku\u015f g\u00f6z\u00fc deli\u011fi ile \u00f6ne \u00e7\u0131kar. Bu bayrak, Sa\u011fl\u0131k Bakanl\u0131\u011f\u0131&#8217;n\u0131n de\u011ferlerini temsil ederken ayn\u0131 zamanda direklerde g\u00f6nderlere \u00e7ekilmek \u00fczere tasarlanm\u0131\u015ft\u0131r. Sa\u011fl\u0131k hizmetlerinin g\u00fcc\u00fcn\u00fc ve \u00f6nemini vurgulamak i\u00e7in bu bayra\u011f\u0131 kullanabilir, \u00f6l\u00e7\u00fc se\u00e7enekleri aras\u0131ndan ihtiyac\u0131n\u0131za en uygun olan\u0131 se\u00e7ebilirsiniz. Sitemiz \u00fczerinden hemen sipari\u015f verin ve Sa\u011fl\u0131k Bakanl\u0131\u011f\u0131 Bayra\u011f\u0131&#8217;n\u0131n g\u00fcc\u00fcn\u00fc hissedin.<\/p>\n<h4>Genel \u00d6zellikleri:<\/h4>\n<ul>\n<li><strong>Kuma\u015f:<\/strong> %100 polyester ra\u015fel &#8211; 1. s\u0131n\u0131f uzun \u00f6m\u00fcrl\u00fc kuma\u015f.<\/li>\n<li><strong>\u00d6l\u00e7\u00fcler:<\/strong> 50\u00d775 cm, 70\u00d7105 cm, 100\u00d7150 cm, 150\u00d7225 cm &#8211; \u0130htiyaca \u00f6zel \u00f6l\u00e7\u00fc se\u00e7enekleri.<\/li>\n<li><strong>Kenarlar \u00c7ift \u0130\u011fneli Diki\u015fli:<\/strong> Dayan\u0131kl\u0131l\u0131\u011f\u0131 art\u0131r\u0131r.<\/li>\n<li><strong>Dire\u011fe Tak\u0131lan K\u0131sma Ku\u015f G\u00f6z\u00fc Delikli:<\/strong> Her t\u00fcr dire\u011fe kolayca tak\u0131labilir<\/li>\n<\/ul>\n","protected":false},"excerpt":{"rendered":"<p>Sa\u011fl\u0131k Bakanl\u0131\u011f\u0131 Bayra\u011f\u0131 Sa\u011fl\u0131k Bakanl\u0131\u011f\u0131 Bayra\u011f\u0131 &#8211; Sa\u011fl\u0131\u011f\u0131n ve Hizmetin Sembol\u00fc Sa\u011fl\u0131k Bakanl\u0131\u011f\u0131&#8217;n\u0131n gururunu ta\u015f\u0131yan bu bayrak, direklerde gururla dalgalanan,<\/p>\n","protected":false},"featured_media":15732,"comment_status":"open","ping_status":"closed","template":"","meta":[],"product_cat":[71,72],"product_tag":[115,114,110,120,127,119,112,109,113,111,92,118,129,128,134],"class_list":{"0":"post-15731","1":"product","2":"type-product","3":"status-publish","4":"has-post-thumbnail","6":"product_cat-bayrak-cesitleri","7":"product_cat-rasel-gonder-bayrak","8":"product_tag-baskili-rasel-bayrak","9":"product_tag-baskili-saten-bayrak","10":"product_tag-bayrak-baski","11":"product_tag-bez-bayrak-baski","12":"product_tag-firma-saten-bayrak","13":"product_tag-flama-bayrak-imalati-turkiye","14":"product_tag-gaziantep-bayrak-baski","15":"product_tag-gaziantep-gonder-bayrak","16":"product_tag-istanbul-bayrak-baski","17":"product_tag-istanbul-gonder-bayrak","18":"product_tag-logolu-gonder-bayrak","19":"product_tag-ozel-bayrak-yaptirma","20":"product_tag-saten-baskili-firma-bayragi","21":"product_tag-saten-turk-bayragi","22":"product_tag-yatay-turk-bayragi","24":"first","25":"instock","26":"shipping-taxable","27":"product-type-external"},"yoast_head":"<!-- This site is optimized with the Yoast SEO plugin v22.2 - https:\/\/yoast.com\/wordpress\/plugins\/seo\/ -->\n<title>Sa\u011fl\u0131k Bakanl\u0131\u011f\u0131 Bayra\u011f\u0131 - || Flama - Bayrak \u0130malat\u0131 - Bayrak, Bayrak\u00e7\u0131, Bayrak Sat\u0131\u015f\u0131 &amp; Display \u00dcr\u00fcnler<\/title>\n<meta name=\"robots\" content=\"index, follow, max-snippet:-1, max-image-preview:large, max-video-preview:-1\" \/>\n<link rel=\"canonical\" href=\"https:\/\/onlinebayrak.com.tr\/index.php\/urun\/saglik-bakanligi-bayragi\/\" \/>\n<meta property=\"og:locale\" content=\"tr_TR\" \/>\n<meta property=\"og:type\" content=\"article\" \/>\n<meta property=\"og:title\" content=\"Sa\u011fl\u0131k Bakanl\u0131\u011f\u0131 Bayra\u011f\u0131 - || Flama - Bayrak \u0130malat\u0131 - Bayrak, Bayrak\u00e7\u0131, Bayrak Sat\u0131\u015f\u0131 &amp; Display \u00dcr\u00fcnler\" \/>\n<meta property=\"og:description\" content=\"Sa\u011fl\u0131k Bakanl\u0131\u011f\u0131 Bayra\u011f\u0131 Sa\u011fl\u0131k Bakanl\u0131\u011f\u0131 Bayra\u011f\u0131 &#8211; Sa\u011fl\u0131\u011f\u0131n ve Hizmetin Sembol\u00fc Sa\u011fl\u0131k Bakanl\u0131\u011f\u0131&#8217;n\u0131n gururunu ta\u015f\u0131yan bu bayrak, direklerde gururla dalgalanan,\" \/>\n<meta property=\"og:url\" content=\"https:\/\/onlinebayrak.com.tr\/index.php\/urun\/saglik-bakanligi-bayragi\/\" \/>\n<meta property=\"og:site_name\" content=\"|| Flama - Bayrak \u0130malat\u0131 - Bayrak, Bayrak\u00e7\u0131, Bayrak Sat\u0131\u015f\u0131 &amp; Display \u00dcr\u00fcnler\" \/>\n<meta property=\"article:modified_time\" content=\"2023-12-23T12:28:00+00:00\" \/>\n<meta property=\"og:image\" content=\"https:\/\/onlinebayrak.com.tr\/wp-content\/uploads\/2023\/12\/saglik-bakanligi-bayragi.png\" \/>\n\t<meta property=\"og:image:width\" content=\"600\" \/>\n\t<meta property=\"og:image:height\" content=\"600\" \/>\n\t<meta property=\"og:image:type\" content=\"image\/png\" \/>\n<meta name=\"twitter:card\" content=\"summary_large_image\" \/>\n<meta name=\"twitter:label1\" content=\"Tahmini okuma s\u00fcresi\" \/>\n\t<meta name=\"twitter:data1\" content=\"1 dakika\" \/>\n<script type=\"application\/ld+json\" class=\"yoast-schema-graph\">{\"@context\":\"https:\/\/schema.org\",\"@graph\":[{\"@type\":\"WebPage\",\"@id\":\"https:\/\/onlinebayrak.com.tr\/index.php\/urun\/saglik-bakanligi-bayragi\/\",\"url\":\"https:\/\/onlinebayrak.com.tr\/index.php\/urun\/saglik-bakanligi-bayragi\/\",\"name\":\"Sa\u011fl\u0131k Bakanl\u0131\u011f\u0131 Bayra\u011f\u0131 - || Flama - Bayrak \u0130malat\u0131 - Bayrak, Bayrak\u00e7\u0131, Bayrak Sat\u0131\u015f\u0131 &amp; Display \u00dcr\u00fcnler\",\"isPartOf\":{\"@id\":\"https:\/\/onlinebayrak.com.tr\/#website\"},\"primaryImageOfPage\":{\"@id\":\"https:\/\/onlinebayrak.com.tr\/index.php\/urun\/saglik-bakanligi-bayragi\/#primaryimage\"},\"image\":{\"@id\":\"https:\/\/onlinebayrak.com.tr\/index.php\/urun\/saglik-bakanligi-bayragi\/#primaryimage\"},\"thumbnailUrl\":\"https:\/\/onlinebayrak.com.tr\/wp-content\/uploads\/2023\/12\/saglik-bakanligi-bayragi.png\",\"datePublished\":\"2023-12-23T10:36:07+00:00\",\"dateModified\":\"2023-12-23T12:28:00+00:00\",\"breadcrumb\":{\"@id\":\"https:\/\/onlinebayrak.com.tr\/index.php\/urun\/saglik-bakanligi-bayragi\/#breadcrumb\"},\"inLanguage\":\"tr\",\"potentialAction\":[{\"@type\":\"ReadAction\",\"target\":[\"https:\/\/onlinebayrak.com.tr\/index.php\/urun\/saglik-bakanligi-bayragi\/\"]}]},{\"@type\":\"ImageObject\",\"inLanguage\":\"tr\",\"@id\":\"https:\/\/onlinebayrak.com.tr\/index.php\/urun\/saglik-bakanligi-bayragi\/#primaryimage\",\"url\":\"https:\/\/onlinebayrak.com.tr\/wp-content\/uploads\/2023\/12\/saglik-bakanligi-bayragi.png\",\"contentUrl\":\"https:\/\/onlinebayrak.com.tr\/wp-content\/uploads\/2023\/12\/saglik-bakanligi-bayragi.png\",\"width\":600,\"height\":600},{\"@type\":\"BreadcrumbList\",\"@id\":\"https:\/\/onlinebayrak.com.tr\/index.php\/urun\/saglik-bakanligi-bayragi\/#breadcrumb\",\"itemListElement\":[{\"@type\":\"ListItem\",\"position\":1,\"name\":\"Anasayfa\",\"item\":\"https:\/\/onlinebayrak.com.tr\/\"},{\"@type\":\"ListItem\",\"position\":2,\"name\":\"Shop\",\"item\":\"https:\/\/onlinebayrak.com.tr\/index.php\/shop\/\"},{\"@type\":\"ListItem\",\"position\":3,\"name\":\"Sa\u011fl\u0131k Bakanl\u0131\u011f\u0131 Bayra\u011f\u0131\"}]},{\"@type\":\"WebSite\",\"@id\":\"https:\/\/onlinebayrak.com.tr\/#website\",\"url\":\"https:\/\/onlinebayrak.com.tr\/\",\"name\":\"|| Flama - Bayrak \u0130malat\u0131 - Bayrak, Bayrak\u00e7\u0131, Bayrak Sat\u0131\u015f\u0131 &amp; Display \u00dcr\u00fcnler\",\"description\":\"\",\"potentialAction\":[{\"@type\":\"SearchAction\",\"target\":{\"@type\":\"EntryPoint\",\"urlTemplate\":\"https:\/\/onlinebayrak.com.tr\/?s={search_term_string}\"},\"query-input\":\"required name=search_term_string\"}],\"inLanguage\":\"tr\"}]}<\/script>\n<!-- \/ Yoast SEO plugin. -->","yoast_head_json":{"title":"Sa\u011fl\u0131k Bakanl\u0131\u011f\u0131 Bayra\u011f\u0131 - || Flama - Bayrak \u0130malat\u0131 - Bayrak, Bayrak\u00e7\u0131, Bayrak Sat\u0131\u015f\u0131 &amp; Display \u00dcr\u00fcnler","robots":{"index":"index","follow":"follow","max-snippet":"max-snippet:-1","max-image-preview":"max-image-preview:large","max-video-preview":"max-video-preview:-1"},"canonical":"https:\/\/onlinebayrak.com.tr\/index.php\/urun\/saglik-bakanligi-bayragi\/","og_locale":"tr_TR","og_type":"article","og_title":"Sa\u011fl\u0131k Bakanl\u0131\u011f\u0131 Bayra\u011f\u0131 - || Flama - Bayrak \u0130malat\u0131 - Bayrak, Bayrak\u00e7\u0131, Bayrak Sat\u0131\u015f\u0131 &amp; Display \u00dcr\u00fcnler","og_description":"Sa\u011fl\u0131k Bakanl\u0131\u011f\u0131 Bayra\u011f\u0131 Sa\u011fl\u0131k Bakanl\u0131\u011f\u0131 Bayra\u011f\u0131 &#8211; Sa\u011fl\u0131\u011f\u0131n ve Hizmetin Sembol\u00fc Sa\u011fl\u0131k Bakanl\u0131\u011f\u0131&#8217;n\u0131n gururunu ta\u015f\u0131yan bu bayrak, direklerde gururla dalgalanan,","og_url":"https:\/\/onlinebayrak.com.tr\/index.php\/urun\/saglik-bakanligi-bayragi\/","og_site_name":"|| Flama - Bayrak \u0130malat\u0131 - Bayrak, Bayrak\u00e7\u0131, Bayrak Sat\u0131\u015f\u0131 &amp; Display \u00dcr\u00fcnler","article_modified_time":"2023-12-23T12:28:00+00:00","og_image":[{"width":600,"height":600,"url":"https:\/\/onlinebayrak.com.tr\/wp-content\/uploads\/2023\/12\/saglik-bakanligi-bayragi.png","type":"image\/png"}],"twitter_card":"summary_large_image","twitter_misc":{"Tahmini okuma s\u00fcresi":"1 dakika"},"schema":{"@context":"https:\/\/schema.org","@graph":[{"@type":"WebPage","@id":"https:\/\/onlinebayrak.com.tr\/index.php\/urun\/saglik-bakanligi-bayragi\/","url":"https:\/\/onlinebayrak.com.tr\/index.php\/urun\/saglik-bakanligi-bayragi\/","name":"Sa\u011fl\u0131k Bakanl\u0131\u011f\u0131 Bayra\u011f\u0131 - || Flama - Bayrak \u0130malat\u0131 - Bayrak, Bayrak\u00e7\u0131, Bayrak Sat\u0131\u015f\u0131 &amp; Display \u00dcr\u00fcnler","isPartOf":{"@id":"https:\/\/onlinebayrak.com.tr\/#website"},"primaryImageOfPage":{"@id":"https:\/\/onlinebayrak.com.tr\/index.php\/urun\/saglik-bakanligi-bayragi\/#primaryimage"},"image":{"@id":"https:\/\/onlinebayrak.com.tr\/index.php\/urun\/saglik-bakanligi-bayragi\/#primaryimage"},"thumbnailUrl":"https:\/\/onlinebayrak.com.tr\/wp-content\/uploads\/2023\/12\/saglik-bakanligi-bayragi.png","datePublished":"2023-12-23T10:36:07+00:00","dateModified":"2023-12-23T12:28:00+00:00","breadcrumb":{"@id":"https:\/\/onlinebayrak.com.tr\/index.php\/urun\/saglik-bakanligi-bayragi\/#breadcrumb"},"inLanguage":"tr","potentialAction":[{"@type":"ReadAction","target":["https:\/\/onlinebayrak.com.tr\/index.php\/urun\/saglik-bakanligi-bayragi\/"]}]},{"@type":"ImageObject","inLanguage":"tr","@id":"https:\/\/onlinebayrak.com.tr\/index.php\/urun\/saglik-bakanligi-bayragi\/#primaryimage","url":"https:\/\/onlinebayrak.com.tr\/wp-content\/uploads\/2023\/12\/saglik-bakanligi-bayragi.png","contentUrl":"https:\/\/onlinebayrak.com.tr\/wp-content\/uploads\/2023\/12\/saglik-bakanligi-bayragi.png","width":600,"height":600},{"@type":"BreadcrumbList","@id":"https:\/\/onlinebayrak.com.tr\/index.php\/urun\/saglik-bakanligi-bayragi\/#breadcrumb","itemListElement":[{"@type":"ListItem","position":1,"name":"Anasayfa","item":"https:\/\/onlinebayrak.com.tr\/"},{"@type":"ListItem","position":2,"name":"Shop","item":"https:\/\/onlinebayrak.com.tr\/index.php\/shop\/"},{"@type":"ListItem","position":3,"name":"Sa\u011fl\u0131k Bakanl\u0131\u011f\u0131 Bayra\u011f\u0131"}]},{"@type":"WebSite","@id":"https:\/\/onlinebayrak.com.tr\/#website","url":"https:\/\/onlinebayrak.com.tr\/","name":"|| Flama - Bayrak \u0130malat\u0131 - Bayrak, Bayrak\u00e7\u0131, Bayrak Sat\u0131\u015f\u0131 &amp; Display \u00dcr\u00fcnler","description":"","potentialAction":[{"@type":"SearchAction","target":{"@type":"EntryPoint","urlTemplate":"https:\/\/onlinebayrak.com.tr\/?s={search_term_string}"},"query-input":"required name=search_term_string"}],"inLanguage":"tr"}]}},"jetpack_sharing_enabled":true,"_links":{"self":[{"href":"https:\/\/onlinebayrak.com.tr\/index.php\/wp-json\/wp\/v2\/product\/15731","targetHints":{"allow":["GET"]}}],"collection":[{"href":"https:\/\/onlinebayrak.com.tr\/index.php\/wp-json\/wp\/v2\/product"}],"about":[{"href":"https:\/\/onlinebayrak.com.tr\/index.php\/wp-json\/wp\/v2\/types\/product"}],"replies":[{"embeddable":true,"href":"https:\/\/onlinebayrak.com.tr\/index.php\/wp-json\/wp\/v2\/comments?post=15731"}],"version-history":[{"count":1,"href":"https:\/\/onlinebayrak.com.tr\/index.php\/wp-json\/wp\/v2\/product\/15731\/revisions"}],"predecessor-version":[{"id":15733,"href":"https:\/\/onlinebayrak.com.tr\/index.php\/wp-json\/wp\/v2\/product\/15731\/revisions\/15733"}],"wp:featuredmedia":[{"embeddable":true,"href":"https:\/\/onlinebayrak.com.tr\/index.php\/wp-json\/wp\/v2\/media\/15732"}],"wp:attachment":[{"href":"https:\/\/onlinebayrak.com.tr\/index.php\/wp-json\/wp\/v2\/media?parent=15731"}],"wp:term":[{"taxonomy":"product_cat","embeddable":true,"href":"https:\/\/onlinebayrak.com.tr\/index.php\/wp-json\/wp\/v2\/product_cat?post=15731"},{"taxonomy":"product_tag","embeddable":true,"href":"https:\/\/onlinebayrak.com.tr\/index.php\/wp-json\/wp\/v2\/product_tag?post=15731"}],"curies":[{"name":"wp","href":"https:\/\/api.w.org\/{rel}","templated":true}]}}