{"id":15738,"date":"2023-12-23T11:24:47","date_gmt":"2023-12-23T11:24:47","guid":{"rendered":"https:\/\/onlinebayrak.com.tr\/?post_type=product&#038;p=15738"},"modified":"2025-03-11T07:58:44","modified_gmt":"2025-03-11T07:58:44","slug":"cankurtaran-bayragi-2","status":"publish","type":"product","link":"https:\/\/onlinebayrak.com.tr\/index.php\/urun\/cankurtaran-bayragi-2\/","title":{"rendered":"Cankurtaran Bayra\u011f\u0131"},"content":{"rendered":"<h1 class=\"product_title entry-title wd-entities-title\">Cankurtaran Bayra\u011f\u0131<\/h1>\n<p>&nbsp;<\/p>\n<h4>Cankurtaran \u0130\u015faret Bayra\u011f\u0131 &#8211; G\u00fcvenin ve G\u00fcvenli\u011fin Simgesi<\/h4>\n<p>Cankurtaran \u0130\u015faret Bayra\u011f\u0131, g\u00fcvenli\u011fin ve h\u0131zl\u0131 m\u00fcdahalenin sembol\u00fc olarak \u00f6ne \u00e7\u0131kan bir i\u015farettir. Polyester ra\u015fel kuma\u015f\u0131 ve dayan\u0131kl\u0131 tasar\u0131m\u0131 ile dikkat \u00e7eker.Cankurtaran \u0130\u015faret Bayra\u011f\u0131, acil durumlarda h\u0131zl\u0131 m\u00fcdahalenin ve g\u00fcvenli\u011fin sembol\u00fcd\u00fcr. Polyester ra\u015fel kuma\u015f\u0131 ve \u00e7ift i\u011fneli diki\u015fli kenarlar\u0131 ile \u00f6ne \u00e7\u0131kan bu bayrak, plajlarda, havuzlarda ve di\u011fer su kenarlar\u0131ndaki g\u00fcvenlik \u00f6nlemlerini vurgulamak i\u00e7in idealdir. Her t\u00fcrl\u00fc dire\u011fe kolayca tak\u0131labilen ku\u015f g\u00f6z\u00fc deli\u011fi, pratik kullan\u0131m sunar. Cankurtaran \u0130\u015faret Bayra\u011f\u0131 ile g\u00fcvenli\u011fi \u00f6n planda tutun. Sitemiz \u00fczerinden hemen sipari\u015f verin ve sahil g\u00fcvenli\u011finiz i\u00e7in bu \u00f6zel bayra\u011f\u0131 edinin.<\/p>\n<p>&nbsp;<\/p>\n<h4>Genel \u00d6zellikleri:<\/h4>\n<ul>\n<li><strong>Kuma\u015f:<\/strong> Polyester ra\u015fel &#8211; Dayan\u0131kl\u0131 ve hafif malzeme.<\/li>\n<li><strong>\u00d6l\u00e7\u00fcler:<\/strong> 50\u00d775 cm, 70\u00d7105 cm, 100\u00d7150 cm &#8211; \u0130htiyaca uygun \u00f6l\u00e7\u00fc se\u00e7enekleri.<\/li>\n<li><strong>Diki\u015fli Kenarlar \u00c7ift \u0130\u011fneli:<\/strong> Uzun \u00f6m\u00fcrl\u00fc kullan\u0131m sa\u011flar.<\/li>\n<li><strong>Dire\u011fe Tak\u0131lan K\u0131sma Ku\u015f G\u00f6z\u00fc Delikli:<\/strong> Her t\u00fcrl\u00fc dire\u011fe kolayca tak\u0131labilir.<\/li>\n<\/ul>\n","protected":false},"excerpt":{"rendered":"<p>Cankurtaran Bayra\u011f\u0131 &nbsp; Cankurtaran \u0130\u015faret Bayra\u011f\u0131 &#8211; G\u00fcvenin ve G\u00fcvenli\u011fin Simgesi Cankurtaran \u0130\u015faret Bayra\u011f\u0131, g\u00fcvenli\u011fin ve h\u0131zl\u0131 m\u00fcdahalenin sembol\u00fc olarak<\/p>\n","protected":false},"featured_media":15739,"comment_status":"open","ping_status":"closed","template":"","meta":[],"product_cat":[71,72],"product_tag":[115,114,122,110,120,135,119,112,109,113,111,92,118,134],"class_list":{"0":"post-15738","1":"product","2":"type-product","3":"status-publish","4":"has-post-thumbnail","6":"product_cat-bayrak-cesitleri","7":"product_cat-rasel-gonder-bayrak","8":"product_tag-baskili-rasel-bayrak","9":"product_tag-baskili-saten-bayrak","10":"product_tag-baskili-yelken-bayrak","11":"product_tag-bayrak-baski","12":"product_tag-bez-bayrak-baski","13":"product_tag-can-kurtaran-bayrak","14":"product_tag-flama-bayrak-imalati-turkiye","15":"product_tag-gaziantep-bayrak-baski","16":"product_tag-gaziantep-gonder-bayrak","17":"product_tag-istanbul-bayrak-baski","18":"product_tag-istanbul-gonder-bayrak","19":"product_tag-logolu-gonder-bayrak","20":"product_tag-ozel-bayrak-yaptirma","21":"product_tag-yatay-turk-bayragi","23":"first","24":"instock","25":"shipping-taxable","26":"product-type-external"},"yoast_head":"<!-- This site is optimized with the Yoast SEO plugin v22.2 - https:\/\/yoast.com\/wordpress\/plugins\/seo\/ -->\n<title>Cankurtaran Bayra\u011f\u0131 - || Flama - Bayrak \u0130malat\u0131 - Bayrak, Bayrak\u00e7\u0131, Bayrak Sat\u0131\u015f\u0131 &amp; Display \u00dcr\u00fcnler<\/title>\n<meta name=\"robots\" content=\"index, follow, max-snippet:-1, max-image-preview:large, max-video-preview:-1\" \/>\n<link rel=\"canonical\" href=\"https:\/\/onlinebayrak.com.tr\/index.php\/urun\/cankurtaran-bayragi-2\/\" \/>\n<meta property=\"og:locale\" content=\"tr_TR\" \/>\n<meta property=\"og:type\" content=\"article\" \/>\n<meta property=\"og:title\" content=\"Cankurtaran Bayra\u011f\u0131 - || Flama - Bayrak \u0130malat\u0131 - Bayrak, Bayrak\u00e7\u0131, Bayrak Sat\u0131\u015f\u0131 &amp; Display \u00dcr\u00fcnler\" \/>\n<meta property=\"og:description\" content=\"Cankurtaran Bayra\u011f\u0131 &nbsp; Cankurtaran \u0130\u015faret Bayra\u011f\u0131 &#8211; G\u00fcvenin ve G\u00fcvenli\u011fin Simgesi Cankurtaran \u0130\u015faret Bayra\u011f\u0131, g\u00fcvenli\u011fin ve h\u0131zl\u0131 m\u00fcdahalenin sembol\u00fc olarak\" \/>\n<meta property=\"og:url\" content=\"https:\/\/onlinebayrak.com.tr\/index.php\/urun\/cankurtaran-bayragi-2\/\" \/>\n<meta property=\"og:site_name\" content=\"|| Flama - Bayrak \u0130malat\u0131 - Bayrak, Bayrak\u00e7\u0131, Bayrak Sat\u0131\u015f\u0131 &amp; Display \u00dcr\u00fcnler\" \/>\n<meta property=\"article:modified_time\" content=\"2025-03-11T07:58:44+00:00\" \/>\n<meta property=\"og:image\" content=\"https:\/\/onlinebayrak.com.tr\/wp-content\/uploads\/2023\/12\/cankurtaran-bayragi-3.jpg\" \/>\n\t<meta property=\"og:image:width\" content=\"500\" \/>\n\t<meta property=\"og:image:height\" content=\"407\" \/>\n\t<meta property=\"og:image:type\" content=\"image\/jpeg\" \/>\n<meta name=\"twitter:card\" content=\"summary_large_image\" \/>\n<meta name=\"twitter:label1\" content=\"Tahmini okuma s\u00fcresi\" \/>\n\t<meta name=\"twitter:data1\" content=\"1 dakika\" \/>\n<script type=\"application\/ld+json\" class=\"yoast-schema-graph\">{\"@context\":\"https:\/\/schema.org\",\"@graph\":[{\"@type\":\"WebPage\",\"@id\":\"https:\/\/onlinebayrak.com.tr\/index.php\/urun\/cankurtaran-bayragi-2\/\",\"url\":\"https:\/\/onlinebayrak.com.tr\/index.php\/urun\/cankurtaran-bayragi-2\/\",\"name\":\"Cankurtaran Bayra\u011f\u0131 - || Flama - Bayrak \u0130malat\u0131 - Bayrak, Bayrak\u00e7\u0131, Bayrak Sat\u0131\u015f\u0131 &amp; Display \u00dcr\u00fcnler\",\"isPartOf\":{\"@id\":\"https:\/\/onlinebayrak.com.tr\/#website\"},\"primaryImageOfPage\":{\"@id\":\"https:\/\/onlinebayrak.com.tr\/index.php\/urun\/cankurtaran-bayragi-2\/#primaryimage\"},\"image\":{\"@id\":\"https:\/\/onlinebayrak.com.tr\/index.php\/urun\/cankurtaran-bayragi-2\/#primaryimage\"},\"thumbnailUrl\":\"https:\/\/onlinebayrak.com.tr\/wp-content\/uploads\/2023\/12\/cankurtaran-bayragi-3.jpg\",\"datePublished\":\"2023-12-23T11:24:47+00:00\",\"dateModified\":\"2025-03-11T07:58:44+00:00\",\"breadcrumb\":{\"@id\":\"https:\/\/onlinebayrak.com.tr\/index.php\/urun\/cankurtaran-bayragi-2\/#breadcrumb\"},\"inLanguage\":\"tr\",\"potentialAction\":[{\"@type\":\"ReadAction\",\"target\":[\"https:\/\/onlinebayrak.com.tr\/index.php\/urun\/cankurtaran-bayragi-2\/\"]}]},{\"@type\":\"ImageObject\",\"inLanguage\":\"tr\",\"@id\":\"https:\/\/onlinebayrak.com.tr\/index.php\/urun\/cankurtaran-bayragi-2\/#primaryimage\",\"url\":\"https:\/\/onlinebayrak.com.tr\/wp-content\/uploads\/2023\/12\/cankurtaran-bayragi-3.jpg\",\"contentUrl\":\"https:\/\/onlinebayrak.com.tr\/wp-content\/uploads\/2023\/12\/cankurtaran-bayragi-3.jpg\",\"width\":500,\"height\":407},{\"@type\":\"BreadcrumbList\",\"@id\":\"https:\/\/onlinebayrak.com.tr\/index.php\/urun\/cankurtaran-bayragi-2\/#breadcrumb\",\"itemListElement\":[{\"@type\":\"ListItem\",\"position\":1,\"name\":\"Anasayfa\",\"item\":\"https:\/\/onlinebayrak.com.tr\/\"},{\"@type\":\"ListItem\",\"position\":2,\"name\":\"Shop\",\"item\":\"https:\/\/onlinebayrak.com.tr\/index.php\/shop\/\"},{\"@type\":\"ListItem\",\"position\":3,\"name\":\"Cankurtaran Bayra\u011f\u0131\"}]},{\"@type\":\"WebSite\",\"@id\":\"https:\/\/onlinebayrak.com.tr\/#website\",\"url\":\"https:\/\/onlinebayrak.com.tr\/\",\"name\":\"|| Flama - Bayrak \u0130malat\u0131 - Bayrak, Bayrak\u00e7\u0131, Bayrak Sat\u0131\u015f\u0131 &amp; Display \u00dcr\u00fcnler\",\"description\":\"\",\"potentialAction\":[{\"@type\":\"SearchAction\",\"target\":{\"@type\":\"EntryPoint\",\"urlTemplate\":\"https:\/\/onlinebayrak.com.tr\/?s={search_term_string}\"},\"query-input\":\"required name=search_term_string\"}],\"inLanguage\":\"tr\"}]}<\/script>\n<!-- \/ Yoast SEO plugin. -->","yoast_head_json":{"title":"Cankurtaran Bayra\u011f\u0131 - || Flama - Bayrak \u0130malat\u0131 - Bayrak, Bayrak\u00e7\u0131, Bayrak Sat\u0131\u015f\u0131 &amp; Display \u00dcr\u00fcnler","robots":{"index":"index","follow":"follow","max-snippet":"max-snippet:-1","max-image-preview":"max-image-preview:large","max-video-preview":"max-video-preview:-1"},"canonical":"https:\/\/onlinebayrak.com.tr\/index.php\/urun\/cankurtaran-bayragi-2\/","og_locale":"tr_TR","og_type":"article","og_title":"Cankurtaran Bayra\u011f\u0131 - || Flama - Bayrak \u0130malat\u0131 - Bayrak, Bayrak\u00e7\u0131, Bayrak Sat\u0131\u015f\u0131 &amp; Display \u00dcr\u00fcnler","og_description":"Cankurtaran Bayra\u011f\u0131 &nbsp; Cankurtaran \u0130\u015faret Bayra\u011f\u0131 &#8211; G\u00fcvenin ve G\u00fcvenli\u011fin Simgesi Cankurtaran \u0130\u015faret Bayra\u011f\u0131, g\u00fcvenli\u011fin ve h\u0131zl\u0131 m\u00fcdahalenin sembol\u00fc olarak","og_url":"https:\/\/onlinebayrak.com.tr\/index.php\/urun\/cankurtaran-bayragi-2\/","og_site_name":"|| Flama - Bayrak \u0130malat\u0131 - Bayrak, Bayrak\u00e7\u0131, Bayrak Sat\u0131\u015f\u0131 &amp; Display \u00dcr\u00fcnler","article_modified_time":"2025-03-11T07:58:44+00:00","og_image":[{"width":500,"height":407,"url":"https:\/\/onlinebayrak.com.tr\/wp-content\/uploads\/2023\/12\/cankurtaran-bayragi-3.jpg","type":"image\/jpeg"}],"twitter_card":"summary_large_image","twitter_misc":{"Tahmini okuma s\u00fcresi":"1 dakika"},"schema":{"@context":"https:\/\/schema.org","@graph":[{"@type":"WebPage","@id":"https:\/\/onlinebayrak.com.tr\/index.php\/urun\/cankurtaran-bayragi-2\/","url":"https:\/\/onlinebayrak.com.tr\/index.php\/urun\/cankurtaran-bayragi-2\/","name":"Cankurtaran Bayra\u011f\u0131 - || Flama - Bayrak \u0130malat\u0131 - Bayrak, Bayrak\u00e7\u0131, Bayrak Sat\u0131\u015f\u0131 &amp; Display \u00dcr\u00fcnler","isPartOf":{"@id":"https:\/\/onlinebayrak.com.tr\/#website"},"primaryImageOfPage":{"@id":"https:\/\/onlinebayrak.com.tr\/index.php\/urun\/cankurtaran-bayragi-2\/#primaryimage"},"image":{"@id":"https:\/\/onlinebayrak.com.tr\/index.php\/urun\/cankurtaran-bayragi-2\/#primaryimage"},"thumbnailUrl":"https:\/\/onlinebayrak.com.tr\/wp-content\/uploads\/2023\/12\/cankurtaran-bayragi-3.jpg","datePublished":"2023-12-23T11:24:47+00:00","dateModified":"2025-03-11T07:58:44+00:00","breadcrumb":{"@id":"https:\/\/onlinebayrak.com.tr\/index.php\/urun\/cankurtaran-bayragi-2\/#breadcrumb"},"inLanguage":"tr","potentialAction":[{"@type":"ReadAction","target":["https:\/\/onlinebayrak.com.tr\/index.php\/urun\/cankurtaran-bayragi-2\/"]}]},{"@type":"ImageObject","inLanguage":"tr","@id":"https:\/\/onlinebayrak.com.tr\/index.php\/urun\/cankurtaran-bayragi-2\/#primaryimage","url":"https:\/\/onlinebayrak.com.tr\/wp-content\/uploads\/2023\/12\/cankurtaran-bayragi-3.jpg","contentUrl":"https:\/\/onlinebayrak.com.tr\/wp-content\/uploads\/2023\/12\/cankurtaran-bayragi-3.jpg","width":500,"height":407},{"@type":"BreadcrumbList","@id":"https:\/\/onlinebayrak.com.tr\/index.php\/urun\/cankurtaran-bayragi-2\/#breadcrumb","itemListElement":[{"@type":"ListItem","position":1,"name":"Anasayfa","item":"https:\/\/onlinebayrak.com.tr\/"},{"@type":"ListItem","position":2,"name":"Shop","item":"https:\/\/onlinebayrak.com.tr\/index.php\/shop\/"},{"@type":"ListItem","position":3,"name":"Cankurtaran Bayra\u011f\u0131"}]},{"@type":"WebSite","@id":"https:\/\/onlinebayrak.com.tr\/#website","url":"https:\/\/onlinebayrak.com.tr\/","name":"|| Flama - Bayrak \u0130malat\u0131 - Bayrak, Bayrak\u00e7\u0131, Bayrak Sat\u0131\u015f\u0131 &amp; Display \u00dcr\u00fcnler","description":"","potentialAction":[{"@type":"SearchAction","target":{"@type":"EntryPoint","urlTemplate":"https:\/\/onlinebayrak.com.tr\/?s={search_term_string}"},"query-input":"required name=search_term_string"}],"inLanguage":"tr"}]}},"jetpack_sharing_enabled":true,"_links":{"self":[{"href":"https:\/\/onlinebayrak.com.tr\/index.php\/wp-json\/wp\/v2\/product\/15738","targetHints":{"allow":["GET"]}}],"collection":[{"href":"https:\/\/onlinebayrak.com.tr\/index.php\/wp-json\/wp\/v2\/product"}],"about":[{"href":"https:\/\/onlinebayrak.com.tr\/index.php\/wp-json\/wp\/v2\/types\/product"}],"replies":[{"embeddable":true,"href":"https:\/\/onlinebayrak.com.tr\/index.php\/wp-json\/wp\/v2\/comments?post=15738"}],"version-history":[{"count":1,"href":"https:\/\/onlinebayrak.com.tr\/index.php\/wp-json\/wp\/v2\/product\/15738\/revisions"}],"predecessor-version":[{"id":15741,"href":"https:\/\/onlinebayrak.com.tr\/index.php\/wp-json\/wp\/v2\/product\/15738\/revisions\/15741"}],"wp:featuredmedia":[{"embeddable":true,"href":"https:\/\/onlinebayrak.com.tr\/index.php\/wp-json\/wp\/v2\/media\/15739"}],"wp:attachment":[{"href":"https:\/\/onlinebayrak.com.tr\/index.php\/wp-json\/wp\/v2\/media?parent=15738"}],"wp:term":[{"taxonomy":"product_cat","embeddable":true,"href":"https:\/\/onlinebayrak.com.tr\/index.php\/wp-json\/wp\/v2\/product_cat?post=15738"},{"taxonomy":"product_tag","embeddable":true,"href":"https:\/\/onlinebayrak.com.tr\/index.php\/wp-json\/wp\/v2\/product_tag?post=15738"}],"curies":[{"name":"wp","href":"https:\/\/api.w.org\/{rel}","templated":true}]}}