{"id":15746,"date":"2023-12-23T11:44:31","date_gmt":"2023-12-23T11:44:31","guid":{"rendered":"https:\/\/onlinebayrak.com.tr\/?post_type=product&#038;p=15746"},"modified":"2023-12-23T12:18:13","modified_gmt":"2023-12-23T12:18:13","slug":"turkiye-yuzyili-bayragi","status":"publish","type":"product","link":"https:\/\/onlinebayrak.com.tr\/index.php\/urun\/turkiye-yuzyili-bayragi\/","title":{"rendered":"T\u00fcrkiye Y\u00fczy\u0131l\u0131 Bayra\u011f\u0131"},"content":{"rendered":"<h1 class=\"product_title entry-title wd-entities-title\">T\u00fcrkiye Y\u00fczy\u0131l\u0131 Bayra\u011f\u0131<\/h1>\n<p>&nbsp;<\/p>\n<h4>T\u00fcrkiye Y\u00fczy\u0131l\u0131 Bayra\u011f\u0131 &#8211; 100. Y\u0131l\u0131n Gururunu Ta\u015f\u0131y\u0131n!<\/h4>\n<div class=\"flex-1 overflow-hidden\">\n<div class=\"react-scroll-to-bottom--css-lgeil-79elbk h-full\">\n<div class=\"react-scroll-to-bottom--css-lgeil-1n7m0yu\">\n<div class=\"flex flex-col pb-9 text-sm\">\n<div class=\"w-full text-token-text-primary\" data-testid=\"conversation-turn-19\">\n<div class=\"px-4 py-2 justify-center text-base md:gap-6 m-auto\">\n<div class=\"flex flex-1 text-base mx-auto gap-3 md:px-5 lg:px-1 xl:px-5 md:max-w-3xl lg:max-w-[40rem] xl:max-w-[48rem] group final-completion\">\n<div class=\"relative flex w-full flex-col lg:w-[calc(100%-115px)] agent-turn\">\n<div class=\"flex-col gap-1 md:gap-3\">\n<div class=\"flex flex-grow flex-col max-w-full\">\n<div class=\"min-h-[20px] text-message flex flex-col items-start gap-3 whitespace-pre-wrap break-words [.text-message+&amp;]:mt-5 overflow-x-auto\" data-message-author-role=\"assistant\" data-message-id=\"927ad678-e293-4235-8e2a-5be111c342ab\">\n<div class=\"markdown prose w-full break-words dark:prose-invert light\">\n<p>T\u00fcrkiye Y\u00fczy\u0131l\u0131 Bayra\u011f\u0131, T\u00fcrkiye Cumhuriyeti&#8217;nin \u015fanl\u0131 100. y\u0131l\u0131na \u00f6zel olarak \u00fcretilmi\u015f, g\u00f6nder direkleri, sopal\u0131 bayraklar, bina veya balkon cepheleri i\u00e7in \u00f6zel olarak tasarlanm\u0131\u015f bir gurur abidesidir.T\u00fcrkiye Y\u00fczy\u0131l\u0131 Bayra\u011f\u0131, T\u00fcrkiye Cumhuriyeti&#8217;nin 100. y\u0131l\u0131na \u00f6zel bir anlam y\u00fckleyen \u00f6zel bir bayrakt\u0131r. G\u00f6nder direkleri, sopal\u0131 bayraklar, bina veya balkon cepheleri i\u00e7in m\u00fckemmel bir uyum sunar. \u00c7ift i\u011fne diki\u015f kalitesiyle uzun y\u0131llar boyunca gurur ve \u015fanla dalgalan\u0131r. Zengin \u00f6l\u00e7\u00fc se\u00e7enekleri sayesinde her alanda kullan\u0131ma uygundur. %100 polyester kuma\u015f\u0131 ve sa\u011fl\u0131\u011fa zarar vermeyen su bazl\u0131 dispers bayrak boyas\u0131 kullan\u0131lmas\u0131, hem dayan\u0131kl\u0131l\u0131\u011f\u0131 hem de esteti\u011fi \u00f6n plana \u00e7\u0131kar\u0131r.<\/p>\n<p>T\u00fcrkiye Y\u00fczy\u0131l\u0131 Bayra\u011f\u0131&#8217;n\u0131 hemen \u015fimdi sat\u0131n alarak, T\u00fcrkiye Cumhuriyeti&#8217;nin 100. y\u0131l\u0131nda bu \u00f6zel gururu ta\u015f\u0131y\u0131n!<\/p>\n<\/div>\n<p>&nbsp;<\/p>\n<h4>Genel \u00d6zellikleri:<\/h4>\n<ul>\n<li><strong>Yatay Kullan\u0131m:<\/strong> G\u00f6nder direkleri veya sopal\u0131 bayrak kullan\u0131m\u0131na uygundur.<\/li>\n<li><strong>Dikey Kullan\u0131m:<\/strong> Bina veya balkon cephelerine m\u00fckemmel uyum sa\u011flar.<\/li>\n<li><strong>Zengin \u00d6l\u00e7\u00fc Se\u00e7enekleri:<\/strong> \u0130htiyaca \u00f6zel farkl\u0131 \u00f6l\u00e7\u00fclerde temin edilebilir.<\/li>\n<li><strong>\u00c7ift \u0130\u011fne Diki\u015f Kalitesi:<\/strong> Uzun y\u0131llar boyunca kullan\u0131m sa\u011flar.<\/li>\n<li><strong>Kuma\u015f Cinsi:<\/strong> %100 polyester, su bazl\u0131 dispers bayrak boyas\u0131 kullan\u0131larak \u00fcretilmi\u015ftir.<\/li>\n<\/ul>\n<\/div>\n<\/div>\n<\/div>\n<\/div>\n<\/div>\n<\/div>\n<\/div>\n<\/div>\n<\/div>\n<\/div>\n<\/div>\n","protected":false},"excerpt":{"rendered":"<p>T\u00fcrkiye Y\u00fczy\u0131l\u0131 Bayra\u011f\u0131 &nbsp; T\u00fcrkiye Y\u00fczy\u0131l\u0131 Bayra\u011f\u0131 &#8211; 100. Y\u0131l\u0131n Gururunu Ta\u015f\u0131y\u0131n! T\u00fcrkiye Y\u00fczy\u0131l\u0131 Bayra\u011f\u0131, T\u00fcrkiye Cumhuriyeti&#8217;nin \u015fanl\u0131 100. y\u0131l\u0131na<\/p>\n","protected":false},"featured_media":15747,"comment_status":"open","ping_status":"closed","template":"","meta":[],"product_cat":[71,72],"product_tag":[115,122,110,120,127,119,112,109,113,111,92,123,118,129,134],"class_list":{"0":"post-15746","1":"product","2":"type-product","3":"status-publish","4":"has-post-thumbnail","6":"product_cat-bayrak-cesitleri","7":"product_cat-rasel-gonder-bayrak","8":"product_tag-baskili-rasel-bayrak","9":"product_tag-baskili-yelken-bayrak","10":"product_tag-bayrak-baski","11":"product_tag-bez-bayrak-baski","12":"product_tag-firma-saten-bayrak","13":"product_tag-flama-bayrak-imalati-turkiye","14":"product_tag-gaziantep-bayrak-baski","15":"product_tag-gaziantep-gonder-bayrak","16":"product_tag-istanbul-bayrak-baski","17":"product_tag-istanbul-gonder-bayrak","18":"product_tag-logolu-gonder-bayrak","19":"product_tag-logolu-masa-bayragi","20":"product_tag-ozel-bayrak-yaptirma","21":"product_tag-saten-baskili-firma-bayragi","22":"product_tag-yatay-turk-bayragi","24":"first","25":"instock","26":"shipping-taxable","27":"product-type-external"},"yoast_head":"<!-- This site is optimized with the Yoast SEO plugin v22.2 - https:\/\/yoast.com\/wordpress\/plugins\/seo\/ -->\n<title>T\u00fcrkiye Y\u00fczy\u0131l\u0131 Bayra\u011f\u0131 - || Flama - Bayrak \u0130malat\u0131 - Bayrak, Bayrak\u00e7\u0131, Bayrak Sat\u0131\u015f\u0131 &amp; Display \u00dcr\u00fcnler<\/title>\n<meta name=\"robots\" content=\"index, follow, max-snippet:-1, max-image-preview:large, max-video-preview:-1\" \/>\n<link rel=\"canonical\" href=\"https:\/\/onlinebayrak.com.tr\/index.php\/urun\/turkiye-yuzyili-bayragi\/\" \/>\n<meta property=\"og:locale\" content=\"tr_TR\" \/>\n<meta property=\"og:type\" content=\"article\" \/>\n<meta property=\"og:title\" content=\"T\u00fcrkiye Y\u00fczy\u0131l\u0131 Bayra\u011f\u0131 - || Flama - Bayrak \u0130malat\u0131 - Bayrak, Bayrak\u00e7\u0131, Bayrak Sat\u0131\u015f\u0131 &amp; Display \u00dcr\u00fcnler\" \/>\n<meta property=\"og:description\" content=\"T\u00fcrkiye Y\u00fczy\u0131l\u0131 Bayra\u011f\u0131 &nbsp; T\u00fcrkiye Y\u00fczy\u0131l\u0131 Bayra\u011f\u0131 &#8211; 100. Y\u0131l\u0131n Gururunu Ta\u015f\u0131y\u0131n! T\u00fcrkiye Y\u00fczy\u0131l\u0131 Bayra\u011f\u0131, T\u00fcrkiye Cumhuriyeti&#8217;nin \u015fanl\u0131 100. y\u0131l\u0131na\" \/>\n<meta property=\"og:url\" content=\"https:\/\/onlinebayrak.com.tr\/index.php\/urun\/turkiye-yuzyili-bayragi\/\" \/>\n<meta property=\"og:site_name\" content=\"|| Flama - Bayrak \u0130malat\u0131 - Bayrak, Bayrak\u00e7\u0131, Bayrak Sat\u0131\u015f\u0131 &amp; Display \u00dcr\u00fcnler\" \/>\n<meta property=\"article:modified_time\" content=\"2023-12-23T12:18:13+00:00\" \/>\n<meta property=\"og:image\" content=\"https:\/\/onlinebayrak.com.tr\/wp-content\/uploads\/2023\/12\/turkiye-yuzyili-bayragi.png\" \/>\n\t<meta property=\"og:image:width\" content=\"614\" \/>\n\t<meta property=\"og:image:height\" content=\"500\" \/>\n\t<meta property=\"og:image:type\" content=\"image\/png\" \/>\n<meta name=\"twitter:card\" content=\"summary_large_image\" \/>\n<meta name=\"twitter:label1\" content=\"Tahmini okuma s\u00fcresi\" \/>\n\t<meta name=\"twitter:data1\" content=\"1 dakika\" \/>\n<script type=\"application\/ld+json\" class=\"yoast-schema-graph\">{\"@context\":\"https:\/\/schema.org\",\"@graph\":[{\"@type\":\"WebPage\",\"@id\":\"https:\/\/onlinebayrak.com.tr\/index.php\/urun\/turkiye-yuzyili-bayragi\/\",\"url\":\"https:\/\/onlinebayrak.com.tr\/index.php\/urun\/turkiye-yuzyili-bayragi\/\",\"name\":\"T\u00fcrkiye Y\u00fczy\u0131l\u0131 Bayra\u011f\u0131 - || Flama - Bayrak \u0130malat\u0131 - Bayrak, Bayrak\u00e7\u0131, Bayrak Sat\u0131\u015f\u0131 &amp; Display \u00dcr\u00fcnler\",\"isPartOf\":{\"@id\":\"https:\/\/onlinebayrak.com.tr\/#website\"},\"primaryImageOfPage\":{\"@id\":\"https:\/\/onlinebayrak.com.tr\/index.php\/urun\/turkiye-yuzyili-bayragi\/#primaryimage\"},\"image\":{\"@id\":\"https:\/\/onlinebayrak.com.tr\/index.php\/urun\/turkiye-yuzyili-bayragi\/#primaryimage\"},\"thumbnailUrl\":\"https:\/\/onlinebayrak.com.tr\/wp-content\/uploads\/2023\/12\/turkiye-yuzyili-bayragi.png\",\"datePublished\":\"2023-12-23T11:44:31+00:00\",\"dateModified\":\"2023-12-23T12:18:13+00:00\",\"breadcrumb\":{\"@id\":\"https:\/\/onlinebayrak.com.tr\/index.php\/urun\/turkiye-yuzyili-bayragi\/#breadcrumb\"},\"inLanguage\":\"tr\",\"potentialAction\":[{\"@type\":\"ReadAction\",\"target\":[\"https:\/\/onlinebayrak.com.tr\/index.php\/urun\/turkiye-yuzyili-bayragi\/\"]}]},{\"@type\":\"ImageObject\",\"inLanguage\":\"tr\",\"@id\":\"https:\/\/onlinebayrak.com.tr\/index.php\/urun\/turkiye-yuzyili-bayragi\/#primaryimage\",\"url\":\"https:\/\/onlinebayrak.com.tr\/wp-content\/uploads\/2023\/12\/turkiye-yuzyili-bayragi.png\",\"contentUrl\":\"https:\/\/onlinebayrak.com.tr\/wp-content\/uploads\/2023\/12\/turkiye-yuzyili-bayragi.png\",\"width\":614,\"height\":500},{\"@type\":\"BreadcrumbList\",\"@id\":\"https:\/\/onlinebayrak.com.tr\/index.php\/urun\/turkiye-yuzyili-bayragi\/#breadcrumb\",\"itemListElement\":[{\"@type\":\"ListItem\",\"position\":1,\"name\":\"Anasayfa\",\"item\":\"https:\/\/onlinebayrak.com.tr\/\"},{\"@type\":\"ListItem\",\"position\":2,\"name\":\"Shop\",\"item\":\"https:\/\/onlinebayrak.com.tr\/index.php\/shop\/\"},{\"@type\":\"ListItem\",\"position\":3,\"name\":\"T\u00fcrkiye Y\u00fczy\u0131l\u0131 Bayra\u011f\u0131\"}]},{\"@type\":\"WebSite\",\"@id\":\"https:\/\/onlinebayrak.com.tr\/#website\",\"url\":\"https:\/\/onlinebayrak.com.tr\/\",\"name\":\"|| Flama - Bayrak \u0130malat\u0131 - Bayrak, Bayrak\u00e7\u0131, Bayrak Sat\u0131\u015f\u0131 &amp; Display \u00dcr\u00fcnler\",\"description\":\"\",\"potentialAction\":[{\"@type\":\"SearchAction\",\"target\":{\"@type\":\"EntryPoint\",\"urlTemplate\":\"https:\/\/onlinebayrak.com.tr\/?s={search_term_string}\"},\"query-input\":\"required name=search_term_string\"}],\"inLanguage\":\"tr\"}]}<\/script>\n<!-- \/ Yoast SEO plugin. -->","yoast_head_json":{"title":"T\u00fcrkiye Y\u00fczy\u0131l\u0131 Bayra\u011f\u0131 - || Flama - Bayrak \u0130malat\u0131 - Bayrak, Bayrak\u00e7\u0131, Bayrak Sat\u0131\u015f\u0131 &amp; Display \u00dcr\u00fcnler","robots":{"index":"index","follow":"follow","max-snippet":"max-snippet:-1","max-image-preview":"max-image-preview:large","max-video-preview":"max-video-preview:-1"},"canonical":"https:\/\/onlinebayrak.com.tr\/index.php\/urun\/turkiye-yuzyili-bayragi\/","og_locale":"tr_TR","og_type":"article","og_title":"T\u00fcrkiye Y\u00fczy\u0131l\u0131 Bayra\u011f\u0131 - || Flama - Bayrak \u0130malat\u0131 - Bayrak, Bayrak\u00e7\u0131, Bayrak Sat\u0131\u015f\u0131 &amp; Display \u00dcr\u00fcnler","og_description":"T\u00fcrkiye Y\u00fczy\u0131l\u0131 Bayra\u011f\u0131 &nbsp; T\u00fcrkiye Y\u00fczy\u0131l\u0131 Bayra\u011f\u0131 &#8211; 100. Y\u0131l\u0131n Gururunu Ta\u015f\u0131y\u0131n! T\u00fcrkiye Y\u00fczy\u0131l\u0131 Bayra\u011f\u0131, T\u00fcrkiye Cumhuriyeti&#8217;nin \u015fanl\u0131 100. y\u0131l\u0131na","og_url":"https:\/\/onlinebayrak.com.tr\/index.php\/urun\/turkiye-yuzyili-bayragi\/","og_site_name":"|| Flama - Bayrak \u0130malat\u0131 - Bayrak, Bayrak\u00e7\u0131, Bayrak Sat\u0131\u015f\u0131 &amp; Display \u00dcr\u00fcnler","article_modified_time":"2023-12-23T12:18:13+00:00","og_image":[{"width":614,"height":500,"url":"https:\/\/onlinebayrak.com.tr\/wp-content\/uploads\/2023\/12\/turkiye-yuzyili-bayragi.png","type":"image\/png"}],"twitter_card":"summary_large_image","twitter_misc":{"Tahmini okuma s\u00fcresi":"1 dakika"},"schema":{"@context":"https:\/\/schema.org","@graph":[{"@type":"WebPage","@id":"https:\/\/onlinebayrak.com.tr\/index.php\/urun\/turkiye-yuzyili-bayragi\/","url":"https:\/\/onlinebayrak.com.tr\/index.php\/urun\/turkiye-yuzyili-bayragi\/","name":"T\u00fcrkiye Y\u00fczy\u0131l\u0131 Bayra\u011f\u0131 - || Flama - Bayrak \u0130malat\u0131 - Bayrak, Bayrak\u00e7\u0131, Bayrak Sat\u0131\u015f\u0131 &amp; Display \u00dcr\u00fcnler","isPartOf":{"@id":"https:\/\/onlinebayrak.com.tr\/#website"},"primaryImageOfPage":{"@id":"https:\/\/onlinebayrak.com.tr\/index.php\/urun\/turkiye-yuzyili-bayragi\/#primaryimage"},"image":{"@id":"https:\/\/onlinebayrak.com.tr\/index.php\/urun\/turkiye-yuzyili-bayragi\/#primaryimage"},"thumbnailUrl":"https:\/\/onlinebayrak.com.tr\/wp-content\/uploads\/2023\/12\/turkiye-yuzyili-bayragi.png","datePublished":"2023-12-23T11:44:31+00:00","dateModified":"2023-12-23T12:18:13+00:00","breadcrumb":{"@id":"https:\/\/onlinebayrak.com.tr\/index.php\/urun\/turkiye-yuzyili-bayragi\/#breadcrumb"},"inLanguage":"tr","potentialAction":[{"@type":"ReadAction","target":["https:\/\/onlinebayrak.com.tr\/index.php\/urun\/turkiye-yuzyili-bayragi\/"]}]},{"@type":"ImageObject","inLanguage":"tr","@id":"https:\/\/onlinebayrak.com.tr\/index.php\/urun\/turkiye-yuzyili-bayragi\/#primaryimage","url":"https:\/\/onlinebayrak.com.tr\/wp-content\/uploads\/2023\/12\/turkiye-yuzyili-bayragi.png","contentUrl":"https:\/\/onlinebayrak.com.tr\/wp-content\/uploads\/2023\/12\/turkiye-yuzyili-bayragi.png","width":614,"height":500},{"@type":"BreadcrumbList","@id":"https:\/\/onlinebayrak.com.tr\/index.php\/urun\/turkiye-yuzyili-bayragi\/#breadcrumb","itemListElement":[{"@type":"ListItem","position":1,"name":"Anasayfa","item":"https:\/\/onlinebayrak.com.tr\/"},{"@type":"ListItem","position":2,"name":"Shop","item":"https:\/\/onlinebayrak.com.tr\/index.php\/shop\/"},{"@type":"ListItem","position":3,"name":"T\u00fcrkiye Y\u00fczy\u0131l\u0131 Bayra\u011f\u0131"}]},{"@type":"WebSite","@id":"https:\/\/onlinebayrak.com.tr\/#website","url":"https:\/\/onlinebayrak.com.tr\/","name":"|| Flama - Bayrak \u0130malat\u0131 - Bayrak, Bayrak\u00e7\u0131, Bayrak Sat\u0131\u015f\u0131 &amp; Display \u00dcr\u00fcnler","description":"","potentialAction":[{"@type":"SearchAction","target":{"@type":"EntryPoint","urlTemplate":"https:\/\/onlinebayrak.com.tr\/?s={search_term_string}"},"query-input":"required name=search_term_string"}],"inLanguage":"tr"}]}},"jetpack_sharing_enabled":true,"_links":{"self":[{"href":"https:\/\/onlinebayrak.com.tr\/index.php\/wp-json\/wp\/v2\/product\/15746","targetHints":{"allow":["GET"]}}],"collection":[{"href":"https:\/\/onlinebayrak.com.tr\/index.php\/wp-json\/wp\/v2\/product"}],"about":[{"href":"https:\/\/onlinebayrak.com.tr\/index.php\/wp-json\/wp\/v2\/types\/product"}],"replies":[{"embeddable":true,"href":"https:\/\/onlinebayrak.com.tr\/index.php\/wp-json\/wp\/v2\/comments?post=15746"}],"version-history":[{"count":1,"href":"https:\/\/onlinebayrak.com.tr\/index.php\/wp-json\/wp\/v2\/product\/15746\/revisions"}],"predecessor-version":[{"id":15751,"href":"https:\/\/onlinebayrak.com.tr\/index.php\/wp-json\/wp\/v2\/product\/15746\/revisions\/15751"}],"wp:featuredmedia":[{"embeddable":true,"href":"https:\/\/onlinebayrak.com.tr\/index.php\/wp-json\/wp\/v2\/media\/15747"}],"wp:attachment":[{"href":"https:\/\/onlinebayrak.com.tr\/index.php\/wp-json\/wp\/v2\/media?parent=15746"}],"wp:term":[{"taxonomy":"product_cat","embeddable":true,"href":"https:\/\/onlinebayrak.com.tr\/index.php\/wp-json\/wp\/v2\/product_cat?post=15746"},{"taxonomy":"product_tag","embeddable":true,"href":"https:\/\/onlinebayrak.com.tr\/index.php\/wp-json\/wp\/v2\/product_tag?post=15746"}],"curies":[{"name":"wp","href":"https:\/\/api.w.org\/{rel}","templated":true}]}}